{"id":1914,"date":"2024-08-05T16:28:21","date_gmt":"2024-08-05T09:28:21","guid":{"rendered":"https:\/\/the1011.com\/product\/ct-045-hen-suyen-asthma\/"},"modified":"2024-08-05T16:28:21","modified_gmt":"2024-08-05T09:28:21","slug":"ct-045-hen-suyen-asthma","status":"publish","type":"product","link":"https:\/\/the1011.com\/en\/product\/ct-045-hen-suyen-asthma\/","title":{"rendered":"CT.045-HEN SUY\u1ec4N (ASTHMA)"},"content":{"rendered":"<p class=\"preFade\" style=\"white-space: pre-wrap; transition-timing-function: ease; transition-duration: 1.5s; transition-delay: 0.185294s;\"><span style=\"text-decoration:underline\"><\/span><\/p>\n<p class=\"preFade\" style=\"white-space: pre-wrap; transition-timing-function: ease; transition-duration: 1.5s; transition-delay: 0.194118s;\"><strong>T\u00e1c d\u1ee5ng:<\/strong>&nbsp;C\u1ea3i thi\u1ec7n h\u1ec7 h\u00f4 h\u1ea5p, tan \u0111\u00e0m, gi\u1ea3m ho, th\u1edf s\u00e2u, t\u0103ng l\u1ef1c, \u0103n ng\u1ee7 t\u1ed1t.<\/p>\n<p class=\"preFade\" style=\"white-space: pre-wrap; transition-timing-function: ease; transition-duration: 1.5s; transition-delay: 0.202941s;\"><strong>Th\u00e0nh ph\u1ea7n:<\/strong>&nbsp;Ho\u00e0i s\u01a1n, B\u1ed1i m\u1eabu, H\u1ea1nh nh\u00e2n, T\u00f4 t\u1eed, B\u1ea1ch gi\u1edbi t\u1eed, Ng\u0169 v\u1ecb t\u1eed\u2026<\/p>\n<p class=\"preFade\" style=\"white-space: pre-wrap; transition-timing-function: ease; transition-duration: 1.5s; transition-delay: 0.211765s;\"><strong>C\u00e1ch d\u00f9ng:<\/strong>&nbsp;<\/p>\n<ul data-rte-list=\"default\">\n<li>\n<p class=\"preFade\" style=\"white-space: pre-wrap; transition-timing-function: ease; transition-duration: 1.5s; transition-delay: 0.220588s;\">Ng\u00e0y u\u1ed1ng 3 l\u1ea7n, m\u1ed7i l\u1ea7n 3-4 vi\u00ean v\u1edbi n\u01b0\u1edbc \u1ea5m pha g\u1eebng.<\/p>\n<\/li>\n<li>\n<p class=\"preFade\" style=\"white-space: pre-wrap; transition-timing-function: ease; transition-duration: 1.5s; transition-delay: 0.229412s;\">Thu\u1ed1c t\u1ec5: Ng\u00e0y 2 l\u1ea7n, m\u1ed7i l\u1ea7n nhai 2 vi\u00ean v\u1edbi n\u01b0\u1edbc \u1ea5m.<\/p>\n<\/li>\n<\/ul>\n<p class=\"preFade\" style=\"white-space: pre-wrap; transition-timing-function: ease; transition-duration: 1.5s; transition-delay: 0.238235s;\"><strong>Ki\u00eang c\u1eef:<\/strong>&nbsp;T\u1eafm \u0111\u00eam, t\u1eafm l\u1ea1nh, th\u1ee9c \u0103n nhi\u1ec1u d\u1ea7u m\u1ee1, \u0111\u1eadu ph\u1ed9ng, thu\u1ed1c l\u00e1.<\/p>","protected":false},"excerpt":{"rendered":"<p> T\u00e1c d\u1ee5ng:&nbsp;C\u1ea3i thi\u1ec7n h\u1ec7 h\u00f4 h\u1ea5p, tan \u0111\u00e0m, gi\u1ea3m ho, th\u1edf s\u00e2u, t\u0103ng l\u1ef1c, \u0103n ng\u1ee7 t\u1ed1t. Th\u00e0nh ph\u1ea7n:&nbsp;Ho\u00e0i s\u01a1n, B\u1ed1i m\u1eabu, H\u1ea1nh nh\u00e2n, T\u00f4 t\u1eed, B\u1ea1ch gi\u1edbi t\u1eed, Ng\u0169 v\u1ecb t\u1eed\u2026 C\u00e1ch d\u00f9ng:&nbsp; Ng\u00e0y u\u1ed1ng 3 l\u1ea7n, m\u1ed7i l\u1ea7n 3-4 vi\u00ean v\u1edbi n\u01b0\u1edbc \u1ea5m pha g\u1eebng. Thu\u1ed1c t\u1ec5: Ng\u00e0y 2 l\u1ea7n, m\u1ed7i l\u1ea7n<\/p>","protected":false},"featured_media":1799,"comment_status":"closed","ping_status":"open","template":"","meta":[],"_links":{"self":[{"href":"https:\/\/the1011.com\/en\/wp-json\/wp\/v2\/product\/1914"}],"collection":[{"href":"https:\/\/the1011.com\/en\/wp-json\/wp\/v2\/product"}],"about":[{"href":"https:\/\/the1011.com\/en\/wp-json\/wp\/v2\/types\/product"}],"replies":[{"embeddable":true,"href":"https:\/\/the1011.com\/en\/wp-json\/wp\/v2\/comments?post=1914"}],"wp:featuredmedia":[{"embeddable":true,"href":"https:\/\/the1011.com\/en\/wp-json\/wp\/v2\/media\/1799"}],"wp:attachment":[{"href":"https:\/\/the1011.com\/en\/wp-json\/wp\/v2\/media?parent=1914"}],"curies":[{"name":"wp","href":"https:\/\/api.w.org\/{rel}","templated":true}]}}