{"id":1913,"date":"2024-08-05T16:28:17","date_gmt":"2024-08-05T09:28:17","guid":{"rendered":"https:\/\/the1011.com\/product\/ct-044-chay-mau-cam-chay-mau-mui-epistaxis-nosebleed\/"},"modified":"2024-08-05T16:28:20","modified_gmt":"2024-08-05T09:28:20","slug":"ct-044-chay-mau-cam-chay-mau-mui-epistaxis-nosebleed","status":"publish","type":"product","link":"https:\/\/the1011.com\/en\/product\/ct-044-chay-mau-cam-chay-mau-mui-epistaxis-nosebleed\/","title":{"rendered":"CT.044 &#8211; CH\u1ea2Y M\u00c1U CAM \/ CH\u1ea2Y M\u00c1U M\u0168I (EPISTAXIS \/ NOSEBLEED)"},"content":{"rendered":"<p class=\"preFade\" style=\"transition-timing-function: ease; transition-duration: 1.5s; transition-delay: 0.235294s;\"><strong>T\u00e1c d\u1ee5ng:<\/strong><span>&nbsp;<\/span>C\u1ea7m m\u00e1u. Gi\u00fap ng\u01b0ng ch\u1ea3y m\u00e1u cam \u1edf tr\u1ebb em v\u00e0 ng\u01b0\u1eddi l\u1edbn do va ch\u1ea1m h\u1ed1c m\u0169i ho\u1eb7c do m\u1ea1ch m\u00e1u d\u1ec5 v\u1ee1, c\u1ea3m l\u1ea1nh, t\u0103ng nhi\u1ec7t, k\u1ec3 c\u1ea3 ch\u1ea3y m\u00e1u ch\u00e2n r\u0103ng v\u00e0 s\u01b0ng l\u00e1ch (t\u0103ng n\u0103ng l\u00e1ch) g\u00e2y ch\u1ea3y m\u00e1u cam kh\u00f4ng ng\u1eebng.<\/p>\n<p class=\"preFade\" style=\"transition-timing-function: ease; transition-duration: 1.5s; transition-delay: 0.247059s;\"><strong>Th\u00e0nh ph\u1ea7n:<\/strong><span>&nbsp;<\/span>Ho\u00e0ng k\u1ef3, \u0110an s\u00e2m, H\u1ed3ng hoa, Tam l\u0103ng, Nga tru\u1eadt, Tam th\u1ea5t\u2026<br \/><strong>C\u00e1ch d\u00f9ng:<\/strong><span>&nbsp;<\/span>Ng\u00e0y u\u1ed1ng 3 l\u1ea7n, m\u1ed7i l\u1ea7n 3-4 vi\u00ean. Tr\u1ebb em d\u01b0\u1edbi 16 tu\u1ed5i d\u00f9ng \u00bd li\u1ec1u l\u01b0\u1ee3ng c\u1ee7a ng\u01b0\u1eddi l\u1edbn.<br \/><strong>Ki\u00eang c\u1eef:<\/strong><span>&nbsp;<\/span>Va ch\u1ea1m v\u00e0o m\u0169i, d\u00f9ng ng\u00f3n tay ngo\u00e1y l\u1ed7 m\u0169i, \u0103n gia v\u1ecb cay n\u00f3ng, b\u00e1nh k\u1eb9o, th\u1ee9c \u0103n chi\u00ean, n\u01b0\u1edbng, r\u01b0\u1ee3u, thu\u1ed1c l\u00e1.<\/p>","protected":false},"excerpt":{"rendered":"<p>T\u00e1c d\u1ee5ng:&nbsp;C\u1ea7m m\u00e1u. Gi\u00fap ng\u01b0ng ch\u1ea3y m\u00e1u cam \u1edf tr\u1ebb em v\u00e0 ng\u01b0\u1eddi l\u1edbn do va ch\u1ea1m h\u1ed1c m\u0169i ho\u1eb7c do m\u1ea1ch m\u00e1u d\u1ec5 v\u1ee1, c\u1ea3m l\u1ea1nh, t\u0103ng nhi\u1ec7t, k\u1ec3 c\u1ea3 ch\u1ea3y m\u00e1u ch\u00e2n r\u0103ng v\u00e0 s\u01b0ng l\u00e1ch (t\u0103ng n\u0103ng l\u00e1ch) g\u00e2y ch\u1ea3y m\u00e1u cam kh\u00f4ng ng\u1eebng. Th\u00e0nh ph\u1ea7n:&nbsp;Ho\u00e0ng k\u1ef3, \u0110an s\u00e2m, H\u1ed3ng hoa, Tam<\/p>","protected":false},"featured_media":1798,"comment_status":"closed","ping_status":"open","template":"","meta":[],"_links":{"self":[{"href":"https:\/\/the1011.com\/en\/wp-json\/wp\/v2\/product\/1913"}],"collection":[{"href":"https:\/\/the1011.com\/en\/wp-json\/wp\/v2\/product"}],"about":[{"href":"https:\/\/the1011.com\/en\/wp-json\/wp\/v2\/types\/product"}],"replies":[{"embeddable":true,"href":"https:\/\/the1011.com\/en\/wp-json\/wp\/v2\/comments?post=1913"}],"wp:featuredmedia":[{"embeddable":true,"href":"https:\/\/the1011.com\/en\/wp-json\/wp\/v2\/media\/1798"}],"wp:attachment":[{"href":"https:\/\/the1011.com\/en\/wp-json\/wp\/v2\/media?parent=1913"}],"curies":[{"name":"wp","href":"https:\/\/api.w.org\/{rel}","templated":true}]}}