{"id":1912,"date":"2024-08-05T16:28:17","date_gmt":"2024-08-05T09:28:17","guid":{"rendered":"https:\/\/the1011.com\/product\/ct-043-lao-phoi-pulmonary-tubercolosis\/"},"modified":"2024-08-05T16:28:20","modified_gmt":"2024-08-05T09:28:20","slug":"ct-043-lao-phoi-pulmonary-tubercolosis","status":"publish","type":"product","link":"https:\/\/the1011.com\/en\/product\/ct-043-lao-phoi-pulmonary-tubercolosis\/","title":{"rendered":"CT.043 &#8211; LAO PH\u1ed4I (PULMONARY TUBERCOLOSIS)"},"content":{"rendered":"<div class=\"site-content\" id=\"content\">\n<div class=\"container\">\n<div class=\"row\">\n<div class=\"content-area col-md-12\" id=\"primary\">\n<div class=\"mf-single-product mf-product-layout-1 product type-product post-3869 status-publish first instock product_cat-he-ho-hap product_cat-tat-ca-cac-san-pham has-post-thumbnail taxable shipping-taxable purchasable product-type-simple\" id=\"product-3869\">\n<div class=\"mf-product-summary\">\n<div class=\"woocommerce-tabs wc-tabs-wrapper\">\n<div aria-labelledby=\"tab-title-description\" role=\"tabpanel\" id=\"tab-description\" class=\"woocommerce-Tabs-panel woocommerce-Tabs-panel--description panel entry-content wc-tab\">\n<p class=\"preFade\" style=\"transition-timing-function: ease; transition-duration: 1.5s; transition-delay: 0.235294s;\"><strong>T\u00e1c d\u1ee5ng:<\/strong><span>&nbsp;<\/span>N\u00e2ng cao h\u1ec7 mi\u1ec5n d\u1ecbch c\u01a1 th\u1ec3. Gi\u00fap gi\u1ea3m ho, ho ra m\u00e1u, \u0111au ng\u1ef1c, s\u1ed1t, th\u1edf ng\u1eafn, v\u00e3 m\u1ed3 h\u00f4iban \u0111\u00eam, ch\u00e1n \u0103n, s\u1ee5t c\u00e2n. Gi\u1ea3m nguy c\u01a1 bi\u1ebfn ch\u1ee9ng tr\u00e0n d\u1ecbch m\u00e0ng ph\u1ed5i, tr\u00e0n kh\u00ed m\u00e0ng ph\u1ed5i.<\/p>\n<p class=\"preFade\" style=\"transition-timing-function: ease; transition-duration: 1.5s; transition-delay: 0.247059s;\"><strong>Th\u00e0nh ph\u1ea7n:<\/strong><span>&nbsp;<\/span>Kim ng\u00e2n hoa, B\u1ed3 c\u00f4ng anh, B\u1ea1ch c\u1eadp, Ti\u00ean h\u1ea1c th\u1ea3o, M\u1eabu \u0111\u01a1n b\u00ec, Tam th\u1ea5t\u2026<br \/><strong>C\u00e1ch d\u00f9ng:<\/strong><span>&nbsp;<\/span>Ng\u00e0y u\u1ed1ng 3 l\u1ea7n, m\u1ed7i l\u1ea7n 3-4 vi\u00ean.<br \/><strong>Ki\u00eang c\u1eef:<span>&nbsp;<\/span><\/strong>H\u1ea1n ch\u1ebf ti\u1ebfp x\u00fac, \u0103n u\u1ed1ng chung v\u1edbi ng\u01b0\u1eddi th\u00e2n trong gia \u0111\u00ecnh \u0111\u1ec3 ng\u1eeba l\u00e2y lan, khuy\u1ebfn kh\u00edch \u0111i ch\u00edch ng\u1eeba BCG.Ng\u01b0ng h\u00fat thu\u1ed1c l\u00e1, l\u1ea1m d\u1ee5ng r\u01b0\u1ee3u.<br \/>Ingredients: Lonecera japonica, Tarax<\/p>\n<\/div>\n<\/div>\n<\/div>\n<\/div>\n<\/div>\n<\/div>\n<\/div>\n<\/div>\n<section data-columns=\"4\" class=\"related products\">\n<div class=\"container\">\n<div role=\"toolbar\" class=\"related-content\"><\/div>\n<\/div>\n<\/section>","protected":false},"excerpt":{"rendered":"<p>T\u00e1c d\u1ee5ng:&nbsp;N\u00e2ng cao h\u1ec7 mi\u1ec5n d\u1ecbch c\u01a1 th\u1ec3. Gi\u00fap gi\u1ea3m ho, ho ra m\u00e1u, \u0111au ng\u1ef1c, s\u1ed1t, th\u1edf ng\u1eafn, v\u00e3 m\u1ed3 h\u00f4iban \u0111\u00eam, ch\u00e1n \u0103n, s\u1ee5t c\u00e2n. Gi\u1ea3m nguy c\u01a1 bi\u1ebfn ch\u1ee9ng tr\u00e0n d\u1ecbch m\u00e0ng ph\u1ed5i, tr\u00e0n kh\u00ed m\u00e0ng ph\u1ed5i. Th\u00e0nh ph\u1ea7n:&nbsp;Kim ng\u00e2n hoa, B\u1ed3 c\u00f4ng anh, B\u1ea1ch c\u1eadp, Ti\u00ean h\u1ea1c th\u1ea3o, M\u1eabu \u0111\u01a1n b\u00ec,<\/p>","protected":false},"featured_media":1767,"comment_status":"closed","ping_status":"open","template":"","meta":[],"_links":{"self":[{"href":"https:\/\/the1011.com\/en\/wp-json\/wp\/v2\/product\/1912"}],"collection":[{"href":"https:\/\/the1011.com\/en\/wp-json\/wp\/v2\/product"}],"about":[{"href":"https:\/\/the1011.com\/en\/wp-json\/wp\/v2\/types\/product"}],"replies":[{"embeddable":true,"href":"https:\/\/the1011.com\/en\/wp-json\/wp\/v2\/comments?post=1912"}],"wp:featuredmedia":[{"embeddable":true,"href":"https:\/\/the1011.com\/en\/wp-json\/wp\/v2\/media\/1767"}],"wp:attachment":[{"href":"https:\/\/the1011.com\/en\/wp-json\/wp\/v2\/media?parent=1912"}],"curies":[{"name":"wp","href":"https:\/\/api.w.org\/{rel}","templated":true}]}}