{"id":1911,"date":"2024-08-05T16:28:17","date_gmt":"2024-08-05T09:28:17","guid":{"rendered":"https:\/\/the1011.com\/product\/ct-042-cum-flu-influenza\/"},"modified":"2024-08-05T16:28:20","modified_gmt":"2024-08-05T09:28:20","slug":"ct-042-cum-flu-influenza","status":"publish","type":"product","link":"https:\/\/the1011.com\/en\/product\/ct-042-cum-flu-influenza\/","title":{"rendered":"CT.042 &#8211; C\u00daM &#8211; FLU (INFLUENZA)"},"content":{"rendered":"<p class=\"preFade\" style=\"transition-timing-function: ease; transition-duration: 1.5s; transition-delay: 0.235294s;\"><strong>T\u00e1c d\u1ee5ng:<\/strong><span>&nbsp;<\/span>N\u00e2ng cao h\u1ec7 mi\u1ec5n d\u1ecbch c\u01a1 th\u1ec3. Gi\u00fap h\u1ea1 s\u1ed1t, gi\u1ea3m \u0111au \u0111\u1ea7u, \u0111au nh\u1ee9c c\u01a1 g\u00e2n, h\u1eaft h\u01a1i, s\u1ed5 m\u0169i n\u01b0\u1edbc, vi\u00eam h\u1ecdng, ho, r\u00e9t run, ch\u00e1n \u0103n, m\u1ec7t m\u1ecfi.<\/p>\n<p class=\"preFade\" style=\"transition-timing-function: ease; transition-duration: 1.5s; transition-delay: 0.247059s;\"><strong>Th\u00e0nh ph\u1ea7n:<\/strong><span>&nbsp;<\/span>Kim ng\u00e2n hoa, \u0110\u1ea1i thanh di\u1ec7p, Ki\u1ebft c\u00e1nh, Ho\u00e0ng c\u1ea7m, Li\u00ean ki\u1ec1u, Tang chi\u2026<br \/><strong>C\u00e1ch d\u00f9ng:<\/strong><span>&nbsp;<\/span>Ng\u00e0y u\u1ed1ng 3 l\u1ea7n, m\u1ed7i l\u1ea7n 3-4 vi\u00ean t\u00f9y tri\u1ec7u ch\u1ee9ng nh\u1eb9 hay n\u1eb7ng.<br \/><strong>Ki\u00eang c\u1eef:<\/strong><span>&nbsp;<\/span>Ti\u1ebfp x\u00fac v\u1edbi ng\u01b0\u1eddi th\u00e2n ng\u1eeba l\u00e2y lan, d\u00f9ng th\u1ef1c ph\u1ea9m kh\u00f3 ti\u00eau h\u00f3a. C\u1ea7n n\u1eb1m ngh\u1ec9 d\u01b0\u1ee1ng trong ph\u00f2ng \u1ea5m,<br \/>tho\u00e1ng kh\u00ed. C\u1ea7n ti\u00eam ch\u1ee7ng c\u00fam \u0111\u1ecbnh k\u1ef3.<\/p>","protected":false},"excerpt":{"rendered":"<p>T\u00e1c d\u1ee5ng:&nbsp;N\u00e2ng cao h\u1ec7 mi\u1ec5n d\u1ecbch c\u01a1 th\u1ec3. Gi\u00fap h\u1ea1 s\u1ed1t, gi\u1ea3m \u0111au \u0111\u1ea7u, \u0111au nh\u1ee9c c\u01a1 g\u00e2n, h\u1eaft h\u01a1i, s\u1ed5 m\u0169i n\u01b0\u1edbc, vi\u00eam h\u1ecdng, ho, r\u00e9t run, ch\u00e1n \u0103n, m\u1ec7t m\u1ecfi. Th\u00e0nh ph\u1ea7n:&nbsp;Kim ng\u00e2n hoa, \u0110\u1ea1i thanh di\u1ec7p, Ki\u1ebft c\u00e1nh, Ho\u00e0ng c\u1ea7m, Li\u00ean ki\u1ec1u, Tang chi\u2026C\u00e1ch d\u00f9ng:&nbsp;Ng\u00e0y u\u1ed1ng 3 l\u1ea7n, m\u1ed7i l\u1ea7n 3-4 vi\u00ean<\/p>","protected":false},"featured_media":1797,"comment_status":"closed","ping_status":"open","template":"","meta":[],"_links":{"self":[{"href":"https:\/\/the1011.com\/en\/wp-json\/wp\/v2\/product\/1911"}],"collection":[{"href":"https:\/\/the1011.com\/en\/wp-json\/wp\/v2\/product"}],"about":[{"href":"https:\/\/the1011.com\/en\/wp-json\/wp\/v2\/types\/product"}],"replies":[{"embeddable":true,"href":"https:\/\/the1011.com\/en\/wp-json\/wp\/v2\/comments?post=1911"}],"wp:featuredmedia":[{"embeddable":true,"href":"https:\/\/the1011.com\/en\/wp-json\/wp\/v2\/media\/1797"}],"wp:attachment":[{"href":"https:\/\/the1011.com\/en\/wp-json\/wp\/v2\/media?parent=1911"}],"curies":[{"name":"wp","href":"https:\/\/api.w.org\/{rel}","templated":true}]}}