{"id":1910,"date":"2024-08-05T16:28:17","date_gmt":"2024-08-05T09:28:17","guid":{"rendered":"https:\/\/the1011.com\/product\/ct-041-ngoai-cam-cam-lanh-cold\/"},"modified":"2024-08-05T16:28:20","modified_gmt":"2024-08-05T09:28:20","slug":"ct-041-ngoai-cam-cam-lanh-cold","status":"publish","type":"product","link":"https:\/\/the1011.com\/en\/product\/ct-041-ngoai-cam-cam-lanh-cold\/","title":{"rendered":"CT.041 &#8211; NGO\u1ea0I C\u1ea2M &#8211; C\u1ea2M L\u1ea0NH (COLD)"},"content":{"rendered":"<p class=\"preFade\" style=\"transition-timing-function: ease; transition-duration: 1.5s; transition-delay: 0.235294s;\"><strong>T\u00e1c d\u1ee5ng:<\/strong><span>&nbsp;<\/span>N\u00e2ng cao h\u1ec7 mi\u1ec5n d\u1ecbch c\u01a1 th\u1ec3, h\u1ebft h\u1eaft h\u01a1i, s\u1ed5 m\u0169i, ngh\u1eb9t m\u0169i, nh\u1ee9c \u0111\u1ea7u, \u1edbn l\u1ea1nh. Ph\u1ee5c h\u1ed3i s\u1ee9c kh\u1ecfe trong th\u1eddi gian ng\u1eafn.<\/p>\n<p class=\"preFade\" style=\"transition-timing-function: ease; transition-duration: 1.5s; transition-delay: 0.247059s;\"><strong>Th\u00e0nh ph\u1ea7n:<\/strong><span>&nbsp;<\/span>Th\u01b0\u01a1ng tru\u1eadt, H\u1eadu ph\u00e1c, H\u1ea3i phi\u00eau ti\u00eau, Tr\u1ea7n b\u00ec, Cam th\u1ea3o, Kh\u01b0\u01a1ng ho\u00e0ng\u2026<br \/><strong>C\u00e1ch d\u00f9ng:<\/strong><span>&nbsp;<\/span>Ng\u00e0y u\u1ed1ng 3 l\u1ea7n, m\u1ed7i l\u1ea7n 3-4 vi\u00ean v\u1edbi n\u01b0\u1edbc \u1ea5m.<br \/><strong>Ki\u00eang c\u1eef:<\/strong><span>&nbsp;<\/span>T\u1eafm n\u01b0\u1edbc l\u1ea1nh, ra ngo\u00e0i tr\u1eddi khi th\u1eddi ti\u1ebft x\u1ea5u, l\u00e0m vi\u1ec7c qu\u00e1 s\u1ee9c, th\u1ee9c khuya.<\/p>","protected":false},"excerpt":{"rendered":"<p>T\u00e1c d\u1ee5ng:&nbsp;N\u00e2ng cao h\u1ec7 mi\u1ec5n d\u1ecbch c\u01a1 th\u1ec3, h\u1ebft h\u1eaft h\u01a1i, s\u1ed5 m\u0169i, ngh\u1eb9t m\u0169i, nh\u1ee9c \u0111\u1ea7u, \u1edbn l\u1ea1nh. Ph\u1ee5c h\u1ed3i s\u1ee9c kh\u1ecfe trong th\u1eddi gian ng\u1eafn. Th\u00e0nh ph\u1ea7n:&nbsp;Th\u01b0\u01a1ng tru\u1eadt, H\u1eadu ph\u00e1c, H\u1ea3i phi\u00eau ti\u00eau, Tr\u1ea7n b\u00ec, Cam th\u1ea3o, Kh\u01b0\u01a1ng ho\u00e0ng\u2026C\u00e1ch d\u00f9ng:&nbsp;Ng\u00e0y u\u1ed1ng 3 l\u1ea7n, m\u1ed7i l\u1ea7n 3-4 vi\u00ean v\u1edbi n\u01b0\u1edbc \u1ea5m.Ki\u00eang c\u1eef:&nbsp;T\u1eafm n\u01b0\u1edbc l\u1ea1nh,<\/p>","protected":false},"featured_media":1796,"comment_status":"closed","ping_status":"open","template":"","meta":[],"_links":{"self":[{"href":"https:\/\/the1011.com\/en\/wp-json\/wp\/v2\/product\/1910"}],"collection":[{"href":"https:\/\/the1011.com\/en\/wp-json\/wp\/v2\/product"}],"about":[{"href":"https:\/\/the1011.com\/en\/wp-json\/wp\/v2\/types\/product"}],"replies":[{"embeddable":true,"href":"https:\/\/the1011.com\/en\/wp-json\/wp\/v2\/comments?post=1910"}],"wp:featuredmedia":[{"embeddable":true,"href":"https:\/\/the1011.com\/en\/wp-json\/wp\/v2\/media\/1796"}],"wp:attachment":[{"href":"https:\/\/the1011.com\/en\/wp-json\/wp\/v2\/media?parent=1910"}],"curies":[{"name":"wp","href":"https:\/\/api.w.org\/{rel}","templated":true}]}}