{"id":1909,"date":"2024-08-05T16:28:17","date_gmt":"2024-08-05T09:28:17","guid":{"rendered":"https:\/\/the1011.com\/product\/ct-071-bi-tieu-urinary-retention\/"},"modified":"2024-08-05T16:28:19","modified_gmt":"2024-08-05T09:28:19","slug":"ct-071-bi-tieu-urinary-retention","status":"publish","type":"product","link":"https:\/\/the1011.com\/en\/product\/ct-071-bi-tieu-urinary-retention\/","title":{"rendered":"CT.071 &#8211; B\u00cd TI\u1ec2U (URINARY RETENTION)"},"content":{"rendered":"<p class=\"preFade\" style=\"transition-timing-function: ease; transition-duration: 1.5s; transition-delay: 0.210526s;\"><strong>T\u00e1c d\u1ee5ng<\/strong>: K\u00edch ho\u1ea1t ch\u1ee9c n\u0103ng th\u1eadn d\u01b0\u01a1ng. C\u1ea3i thi\u1ec7n, khai th\u00f4ng \u0111\u01b0\u1eddng ti\u1ec3u, h\u00f3a gi\u1ea3i c\u00e1c ch\u1ee9ng ti\u1ec3u&nbsp;s\u00f3n, ti\u1ec3u nh\u1ecf gi\u1ecdt, ti\u1ec3u n\u00f3ng bu\u1ed1t, b\u00ed ti\u1ec3u g\u00e2y c\u0103ng t\u1ee9c v\u00f9ng b\u1ee5ng d\u01b0\u1edbi\u2026<\/p>\n<p class=\"preFade\" style=\"transition-timing-function: ease; transition-duration: 1.5s; transition-delay: 0.221053s;\"><strong>Th\u00e0nh ph\u1ea7n:&nbsp;<\/strong>Ho\u00e0ng k\u1ef3, \u0110\u1ea3ng s\u00e2m, Ph\u1ee5c linh, Tr\u01b0 linh, Tr\u1ea1ch t\u1ea3, Th\u1ee5c Ph\u1ee5 t\u1eed\u2026<\/p>\n<p class=\"preFade\" style=\"transition-timing-function: ease; transition-duration: 1.5s; transition-delay: 0.231579s;\"><strong>C\u00e1ch d\u00f9ng:&nbsp;<\/strong>Ng\u00e0y u\u1ed1ng 3 l\u1ea7n, m\u1ed7i l\u1ea7n 3-4 vi\u00ean v\u1edbi n\u01b0\u1edbc ch\u00edn \u0111\u1ec3 ngu\u1ed9i hay n\u01b0\u1edbc l\u1ecdc.<\/p>\n<p class=\"preFade\" style=\"transition-timing-function: ease; transition-duration: 1.5s; transition-delay: 0.242105s;\"><strong>Ki\u00eang c\u1eef:&nbsp;<\/strong>Gia v\u1ecb cay n\u00f3ng, nh\u1ecbn kh\u00e1t hay u\u1ed1ng qu\u00e1 \u00edt n\u01b0\u1edbc, n\u00edn ti\u1ec3u qu\u00e1 l\u00e2u.<\/p>","protected":false},"excerpt":{"rendered":"<p>T\u00e1c d\u1ee5ng: K\u00edch ho\u1ea1t ch\u1ee9c n\u0103ng th\u1eadn d\u01b0\u01a1ng. C\u1ea3i thi\u1ec7n, khai th\u00f4ng \u0111\u01b0\u1eddng ti\u1ec3u, h\u00f3a gi\u1ea3i c\u00e1c ch\u1ee9ng ti\u1ec3u&nbsp;s\u00f3n, ti\u1ec3u nh\u1ecf gi\u1ecdt, ti\u1ec3u n\u00f3ng bu\u1ed1t, b\u00ed ti\u1ec3u g\u00e2y c\u0103ng t\u1ee9c v\u00f9ng b\u1ee5ng d\u01b0\u1edbi\u2026 Th\u00e0nh ph\u1ea7n:&nbsp;Ho\u00e0ng k\u1ef3, \u0110\u1ea3ng s\u00e2m, Ph\u1ee5c linh, Tr\u01b0 linh, Tr\u1ea1ch t\u1ea3, Th\u1ee5c Ph\u1ee5 t\u1eed\u2026 C\u00e1ch d\u00f9ng:&nbsp;Ng\u00e0y u\u1ed1ng 3 l\u1ea7n, m\u1ed7i l\u1ea7n 3-4<\/p>","protected":false},"featured_media":1818,"comment_status":"closed","ping_status":"open","template":"","meta":[],"_links":{"self":[{"href":"https:\/\/the1011.com\/en\/wp-json\/wp\/v2\/product\/1909"}],"collection":[{"href":"https:\/\/the1011.com\/en\/wp-json\/wp\/v2\/product"}],"about":[{"href":"https:\/\/the1011.com\/en\/wp-json\/wp\/v2\/types\/product"}],"replies":[{"embeddable":true,"href":"https:\/\/the1011.com\/en\/wp-json\/wp\/v2\/comments?post=1909"}],"wp:featuredmedia":[{"embeddable":true,"href":"https:\/\/the1011.com\/en\/wp-json\/wp\/v2\/media\/1818"}],"wp:attachment":[{"href":"https:\/\/the1011.com\/en\/wp-json\/wp\/v2\/media?parent=1909"}],"curies":[{"name":"wp","href":"https:\/\/api.w.org\/{rel}","templated":true}]}}