{"id":1908,"date":"2024-08-05T16:28:17","date_gmt":"2024-08-05T09:28:17","guid":{"rendered":"https:\/\/the1011.com\/product\/ct-070-than-suy-liet-than-kidney-failure\/"},"modified":"2024-08-05T16:28:19","modified_gmt":"2024-08-05T09:28:19","slug":"ct-070-than-suy-liet-than-kidney-failure","status":"publish","type":"product","link":"https:\/\/the1011.com\/en\/product\/ct-070-than-suy-liet-than-kidney-failure\/","title":{"rendered":"CT.070 \u2013 TH\u1eacN SUY- LI\u1ec6T TH\u1eacN (KIDNEY FAILURE)"},"content":{"rendered":"<p class=\"preFade\" style=\"white-space: pre-wrap; transition-timing-function: ease; transition-duration: 1.5s; transition-delay: 0.171429s;\"><strong><em>T\u00e1c d\u1ee5ng<\/em><\/strong>: \u0110\u1ea1i b\u1ed5 th\u1eadn, gi\u00fap thanh l\u1ecdc c\u00e1c ch\u1ea5t c\u1eb7n b\u00e3 t\u1eeb m\u00e1u ho\u1eb7c th\u1ea3i ra trong n\u01b0\u1edbc ti\u1ec3u (g\u1ed3m ch\u1ea5t \u0111\u1ea1m, creatinine, uric acid), \u0111i\u1ec1u ch\u1ec9nh huy\u1ebft \u00e1p, gi\u1ea3m n\u1ed3ng \u0111\u1ed9 u-r\u00ea trong m\u00e1u, c\u00e2n b\u1eb1ng mu\u1ed1i v\u00e0 n\u01b0\u1edbc trong c\u01a1 th\u1ec3. C\u1ea3i thi\u1ec7n v\u00e0 t\u1eebng b\u01b0\u1edbc ph\u1ee5c h\u1ed3i ch\u1ee9c n\u0103ng c\u1ee7a th\u1eadn.<\/p>\n<p class=\"preFade\" style=\"white-space: pre-wrap; transition-timing-function: ease; transition-duration: 1.5s; transition-delay: 0.18s;\"><strong>Th\u00e0nh ph\u1ea7n:&nbsp;<\/strong>Ch\u00e1nh \u0110\u00f4ng tr\u00f9ng h\u1ea1 th\u1ea3o, Th\u1ee5c \u0111\u1ecba, S\u01a1n th\u00f9 nh\u1ee5c, Ti\u00ean linh t\u1ef3, Xuy\u00ean \u0110\u1ed7 tr\u1ecdng, Nh\u1ee5c qu\u1ebf\u2026<\/p>\n<p class=\"preFade\" style=\"white-space: pre-wrap; transition-timing-function: ease; transition-duration: 1.5s; transition-delay: 0.188571s;\"><strong>C\u00e1ch d\u00f9ng:&nbsp;<\/strong><\/p>\n<ul data-rte-list=\"default\">\n<li>\n<p class=\"preFade\" style=\"white-space: pre-wrap; transition-timing-function: ease; transition-duration: 1.5s; transition-delay: 0.197143s;\">Ng\u00e0y u\u1ed1ng 3-4 l\u1ea7n, m\u1ed7i l\u1ea7n 3-4 vi\u00ean t\u00f9y m\u1ee9c \u0111\u1ed9 th\u1eadn suy.<\/p>\n<\/li>\n<li>\n<p class=\"preFade\" style=\"white-space: pre-wrap; transition-timing-function: ease; transition-duration: 1.5s; transition-delay: 0.205714s;\">Thu\u1ed1c n\u01b0\u1edbc: Ng\u00e0y u\u1ed1ng 3 l\u1ea7n, m\u1ed7i l\u1ea7n 1 cup (2oz).<\/p>\n<\/li>\n<li>\n<p class=\"preFade\" style=\"white-space: pre-wrap; transition-timing-function: ease; transition-duration: 1.5s; transition-delay: 0.214286s;\">Thu\u1ed1c t\u1ec5: Ng\u00e0y 2 l\u1ea7n, m\u1ed7i l\u1ea7n nhai 2 ho\u00e0n v\u1edbi n\u01b0\u1edbc \u1ea5m.<\/p>\n<\/li>\n<\/ul>\n<p class=\"preFade\" style=\"white-space: pre-wrap; transition-timing-function: ease; transition-duration: 1.5s; transition-delay: 0.222857s;\"><strong>Ki\u00eang c\u1eef:&nbsp;<\/strong>Mu\u1ed1i, d\u1eeba t\u01b0\u01a1i, tr\u00e1i c\u00e2y t\u01b0\u01a1i, chu\u1ed1i ch\u00edn, khoai lang, c\u00e1c lo\u1ea1i \u0111\u1eadu\u2026<\/p>\n<p class=\"preFade\" style=\"white-space: pre-wrap; transition-timing-function: ease; transition-duration: 1.5s; transition-delay: 0.231429s;\">&nbsp;<\/p>","protected":false},"excerpt":{"rendered":"<p>T\u00e1c d\u1ee5ng: \u0110\u1ea1i b\u1ed5 th\u1eadn, gi\u00fap thanh l\u1ecdc c\u00e1c ch\u1ea5t c\u1eb7n b\u00e3 t\u1eeb m\u00e1u ho\u1eb7c th\u1ea3i ra trong n\u01b0\u1edbc ti\u1ec3u (g\u1ed3m ch\u1ea5t \u0111\u1ea1m, creatinine, uric acid), \u0111i\u1ec1u ch\u1ec9nh huy\u1ebft \u00e1p, gi\u1ea3m n\u1ed3ng \u0111\u1ed9 u-r\u00ea trong m\u00e1u, c\u00e2n b\u1eb1ng mu\u1ed1i v\u00e0 n\u01b0\u1edbc trong c\u01a1 th\u1ec3. C\u1ea3i thi\u1ec7n v\u00e0 t\u1eebng b\u01b0\u1edbc ph\u1ee5c h\u1ed3i ch\u1ee9c n\u0103ng c\u1ee7a th\u1eadn.<\/p>","protected":false},"featured_media":1817,"comment_status":"closed","ping_status":"open","template":"","meta":[],"_links":{"self":[{"href":"https:\/\/the1011.com\/en\/wp-json\/wp\/v2\/product\/1908"}],"collection":[{"href":"https:\/\/the1011.com\/en\/wp-json\/wp\/v2\/product"}],"about":[{"href":"https:\/\/the1011.com\/en\/wp-json\/wp\/v2\/types\/product"}],"replies":[{"embeddable":true,"href":"https:\/\/the1011.com\/en\/wp-json\/wp\/v2\/comments?post=1908"}],"wp:featuredmedia":[{"embeddable":true,"href":"https:\/\/the1011.com\/en\/wp-json\/wp\/v2\/media\/1817"}],"wp:attachment":[{"href":"https:\/\/the1011.com\/en\/wp-json\/wp\/v2\/media?parent=1908"}],"curies":[{"name":"wp","href":"https:\/\/api.w.org\/{rel}","templated":true}]}}