{"id":1907,"date":"2024-08-05T16:28:17","date_gmt":"2024-08-05T09:28:17","guid":{"rendered":"https:\/\/the1011.com\/product\/ct-067-dai-bo-than-ying-yang-kidney-tonic\/"},"modified":"2024-08-05T16:28:19","modified_gmt":"2024-08-05T09:28:19","slug":"ct-067-dai-bo-than-ying-yang-kidney-tonic","status":"publish","type":"product","link":"https:\/\/the1011.com\/en\/product\/ct-067-dai-bo-than-ying-yang-kidney-tonic\/","title":{"rendered":"CT.067 \u2013 \u0110\u1ea0I B\u1ed4 TH\u1eacN (YING YANG KIDNEY TONIC)"},"content":{"rendered":"<p class=\"preFade\" style=\"white-space: pre-wrap; transition-timing-function: ease; transition-duration: 1.5s; transition-delay: 0.193846s;\"><strong>T\u00e1c d\u1ee5ng<\/strong>: T\u0103ng c\u01b0\u1eddng ch\u1ee9c n\u0103ng th\u1eadn d\u01b0\u01a1ng. Gi\u00fap gi\u1ea3m \u0111au l\u01b0ng, ph\u1ee5 n\u1eef, nam gi\u1edbi \u0111i ti\u1ec3u kh\u00f3 ki\u1ec1m ch\u1ebf, \u0111\u00e0n \u00f4ng y\u1ebfu sinh l\u00fd, gi\u1ea3m kh\u1ea3 n\u0103ng t\u00ecnh d\u1ee5c, kh\u00f3 d\u01b0\u01a1ng c\u01b0\u01a1ng.<\/p>\n<p class=\"preFade\" style=\"white-space: pre-wrap; transition-timing-function: ease; transition-duration: 1.5s; transition-delay: 0.203077s;\"><strong>Th\u00e0nh ph\u1ea7n:&nbsp;<\/strong>Th\u1ee5c \u0111\u1ecba, Ph\u00fac b\u1ed3n t\u1eed, Ti\u00ean linh t\u1ef3, C\u1eedu th\u00e1i t\u1eed, T\u1ecfa d\u01b0\u01a1ng\u2026<\/p>\n<p class=\"preFade\" style=\"white-space: pre-wrap; transition-timing-function: ease; transition-duration: 1.5s; transition-delay: 0.212308s;\"><strong>C\u00e1ch d\u00f9ng:&nbsp;<\/strong><\/p>\n<ul data-rte-list=\"default\">\n<li>\n<p class=\"preFade\" style=\"white-space: pre-wrap; transition-timing-function: ease; transition-duration: 1.5s; transition-delay: 0.221538s;\">Thu\u1ed1c vi\u00ean: Ng\u00e0y u\u1ed1ng 3 l\u1ea7n, m\u1ed7i l\u1ea7n 3-4 vi\u00ean. U\u1ed1ng t\u1edbi khi ch\u1ee9c n\u0103ng th\u1eadn ph\u1ee5c h\u1ed3i<\/p>\n<\/li>\n<li>\n<p class=\"preFade\" style=\"white-space: pre-wrap; transition-timing-function: ease; transition-duration: 1.5s; transition-delay: 0.230769s;\">Thu\u1ed1c t\u1ec5: Ng\u00e0y 2 l\u1ea7n, m\u1ed7i l\u1ea7n nhai 2 ho\u00e0n v\u1edbi n\u01b0\u1edbc \u1ea5m.<\/p>\n<\/li>\n<\/ul>\n<p class=\"preFade\" style=\"white-space: pre-wrap; transition-timing-function: ease; transition-duration: 1.5s; transition-delay: 0.24s;\"><strong>Ki\u00eang c\u1eef:&nbsp;<\/strong>L\u1ea1m d\u1ee5ng t\u00ecnh d\u1ee5c, l\u1ea1m d\u1ee5ng r\u01b0\u1ee3u, thu\u1ed1c l\u00e1, ma t\u00fay.<\/p>","protected":false},"excerpt":{"rendered":"<p>T\u00e1c d\u1ee5ng: T\u0103ng c\u01b0\u1eddng ch\u1ee9c n\u0103ng th\u1eadn d\u01b0\u01a1ng. Gi\u00fap gi\u1ea3m \u0111au l\u01b0ng, ph\u1ee5 n\u1eef, nam gi\u1edbi \u0111i ti\u1ec3u kh\u00f3 ki\u1ec1m ch\u1ebf, \u0111\u00e0n \u00f4ng y\u1ebfu sinh l\u00fd, gi\u1ea3m kh\u1ea3 n\u0103ng t\u00ecnh d\u1ee5c, kh\u00f3 d\u01b0\u01a1ng c\u01b0\u01a1ng. Th\u00e0nh ph\u1ea7n:&nbsp;Th\u1ee5c \u0111\u1ecba, Ph\u00fac b\u1ed3n t\u1eed, Ti\u00ean linh t\u1ef3, C\u1eedu th\u00e1i t\u1eed, T\u1ecfa d\u01b0\u01a1ng\u2026 C\u00e1ch d\u00f9ng:&nbsp; Thu\u1ed1c vi\u00ean: Ng\u00e0y u\u1ed1ng 3<\/p>","protected":false},"featured_media":1814,"comment_status":"closed","ping_status":"open","template":"","meta":[],"_links":{"self":[{"href":"https:\/\/the1011.com\/en\/wp-json\/wp\/v2\/product\/1907"}],"collection":[{"href":"https:\/\/the1011.com\/en\/wp-json\/wp\/v2\/product"}],"about":[{"href":"https:\/\/the1011.com\/en\/wp-json\/wp\/v2\/types\/product"}],"replies":[{"embeddable":true,"href":"https:\/\/the1011.com\/en\/wp-json\/wp\/v2\/comments?post=1907"}],"wp:featuredmedia":[{"embeddable":true,"href":"https:\/\/the1011.com\/en\/wp-json\/wp\/v2\/media\/1814"}],"wp:attachment":[{"href":"https:\/\/the1011.com\/en\/wp-json\/wp\/v2\/media?parent=1907"}],"curies":[{"name":"wp","href":"https:\/\/api.w.org\/{rel}","templated":true}]}}