{"id":1906,"date":"2024-08-05T16:28:17","date_gmt":"2024-08-05T09:28:17","guid":{"rendered":"https:\/\/the1011.com\/product\/ct-064-protein-nieu-tieu-ra-dam-proteinuria\/"},"modified":"2024-08-05T16:28:19","modified_gmt":"2024-08-05T09:28:19","slug":"ct-064-protein-nieu-tieu-ra-dam-proteinuria","status":"publish","type":"product","link":"https:\/\/the1011.com\/en\/product\/ct-064-protein-nieu-tieu-ra-dam-proteinuria\/","title":{"rendered":"CT.064 &#8211; PROTEIN NI\u1ec6U &#8211; (TI\u1ec2U RA \u0110\u1ea0M PROTEINURIA)"},"content":{"rendered":"<p class=\"preFade\" style=\"transition-timing-function: ease; transition-duration: 1.5s; transition-delay: 0.210526s;\"><strong>T\u00e1c d\u1ee5ng<\/strong>: C\u1ea3i thi\u1ec7n, ph\u1ee5 h\u1ed3i ch\u1ee9c n\u0103ng th\u1eadn, ng\u0103n ch\u1eb7n ch\u1ea5t \u0111\u1ea1m hi\u1ec7n di\u1ec7n trong n\u01b0\u1edbc ti\u1ec3u.<\/p>\n<p class=\"preFade\" style=\"transition-timing-function: ease; transition-duration: 1.5s; transition-delay: 0.221053s;\"><strong>Th\u00e0nh ph\u1ea7n:&nbsp;<\/strong>\u00cdch m\u1eabu th\u1ea3o, Th\u1ed5 ph\u1ee5c linh, \u0110\u1ed7 tr\u1ecdng, T\u1ee5c \u0111o\u1ea1n, Ng\u01b0u t\u1ea5t, \u0110\u00f4ng tr\u00f9ng h\u1ea1 th\u1ea3o\u2026<\/p>\n<p class=\"preFade\" style=\"transition-timing-function: ease; transition-duration: 1.5s; transition-delay: 0.231579s;\"><strong>C\u00e1ch d\u00f9ng:&nbsp;<\/strong>Ng\u00e0y u\u1ed1ng 3 l\u1ea7n, m\u1ed7i l\u1ea7n 3-4 vi\u00ean.<\/p>\n<p class=\"preFade\" style=\"transition-timing-function: ease; transition-duration: 1.5s; transition-delay: 0.242105s;\"><strong>Ki\u00eang c\u1eef:&nbsp;<\/strong>Ti\u1ebft ch\u1ebf l\u01b0\u1ee3ng \u0111\u1ea1m (protein) b\u1ed5 sung, tr\u00e1nh \u0103n ph\u1ee7 t\u1ea1ng \u0111\u1ed9ng v\u1eadt, ch\u1ea5t b\u00e9o, tr\u1ee9ng, \u0111\u1ed3 x\u00e0o, n\u01b0\u1edbng, mu\u1ed1i \u0103n.<\/p>","protected":false},"excerpt":{"rendered":"<p>T\u00e1c d\u1ee5ng: C\u1ea3i thi\u1ec7n, ph\u1ee5 h\u1ed3i ch\u1ee9c n\u0103ng th\u1eadn, ng\u0103n ch\u1eb7n ch\u1ea5t \u0111\u1ea1m hi\u1ec7n di\u1ec7n trong n\u01b0\u1edbc ti\u1ec3u. Th\u00e0nh ph\u1ea7n:&nbsp;\u00cdch m\u1eabu th\u1ea3o, Th\u1ed5 ph\u1ee5c linh, \u0110\u1ed7 tr\u1ecdng, T\u1ee5c \u0111o\u1ea1n, Ng\u01b0u t\u1ea5t, \u0110\u00f4ng tr\u00f9ng h\u1ea1 th\u1ea3o\u2026 C\u00e1ch d\u00f9ng:&nbsp;Ng\u00e0y u\u1ed1ng 3 l\u1ea7n, m\u1ed7i l\u1ea7n 3-4 vi\u00ean. Ki\u00eang c\u1eef:&nbsp;Ti\u1ebft ch\u1ebf l\u01b0\u1ee3ng \u0111\u1ea1m (protein) b\u1ed5 sung, tr\u00e1nh \u0103n ph\u1ee7<\/p>","protected":false},"featured_media":1812,"comment_status":"closed","ping_status":"open","template":"","meta":[],"_links":{"self":[{"href":"https:\/\/the1011.com\/en\/wp-json\/wp\/v2\/product\/1906"}],"collection":[{"href":"https:\/\/the1011.com\/en\/wp-json\/wp\/v2\/product"}],"about":[{"href":"https:\/\/the1011.com\/en\/wp-json\/wp\/v2\/types\/product"}],"replies":[{"embeddable":true,"href":"https:\/\/the1011.com\/en\/wp-json\/wp\/v2\/comments?post=1906"}],"wp:featuredmedia":[{"embeddable":true,"href":"https:\/\/the1011.com\/en\/wp-json\/wp\/v2\/media\/1812"}],"wp:attachment":[{"href":"https:\/\/the1011.com\/en\/wp-json\/wp\/v2\/media?parent=1906"}],"curies":[{"name":"wp","href":"https:\/\/api.w.org\/{rel}","templated":true}]}}