{"id":1905,"date":"2024-08-05T16:28:17","date_gmt":"2024-08-05T09:28:17","guid":{"rendered":"https:\/\/the1011.com\/product\/ct-063-co-than-hoan-urinary-incontinence\/"},"modified":"2024-08-05T16:28:19","modified_gmt":"2024-08-05T09:28:19","slug":"ct-063-co-than-hoan-urinary-incontinence","status":"publish","type":"product","link":"https:\/\/the1011.com\/en\/product\/ct-063-co-than-hoan-urinary-incontinence\/","title":{"rendered":"CT.063 \u2013 C\u1ed0 TH\u1eacN HO\u00c0N (URINARY INCONTINENCE)"},"content":{"rendered":"<p class=\"preFade\" style=\"white-space: pre-wrap; transition-timing-function: ease; transition-duration: 1.5s; transition-delay: 0.193846s;\"><strong>T\u00e1c d\u1ee5ng<\/strong>: \u00d4n b\u1ed5 th\u1eadn d\u01b0\u01a1ng, c\u1ea3i thi\u1ec7n ch\u1ee9c n\u0103ng B\u00e0ng quang v\u00e0 tuy\u1ebfn ti\u1ec1n li\u1ec7t, kh\u1ed1ng ch\u1ebf v\u00e0 \u0111i\u1ec1u h\u00f2a hi\u1ec7n t\u01b0\u1ee3ng \u0111i ti\u1ec3u li\u00ean mi\u00ean kh\u00f4ng ki\u1ec1m ch\u1ebf \u0111\u01b0\u1ee3c, ti\u1ec3u l\u1eaft nh\u1eaft, ti\u1ec3u s\u00f3n.<\/p>\n<p class=\"preFade\" style=\"white-space: pre-wrap; transition-timing-function: ease; transition-duration: 1.5s; transition-delay: 0.203077s;\"><strong>Th\u00e0nh ph\u1ea7n:&nbsp;<\/strong>Ho\u00e0ng k\u1ef3, H\u1ed3ng s\u00e2m, Ba k\u00edch, Kim anh t\u1eed, \u00cdch tr\u00ed nh\u00e2n, Ti\u00ean linh t\u1ef3\u2026<\/p>\n<p class=\"preFade\" style=\"white-space: pre-wrap; transition-timing-function: ease; transition-duration: 1.5s; transition-delay: 0.212308s;\"><strong>C\u00e1ch d\u00f9ng:&nbsp;<\/strong><\/p>\n<ul data-rte-list=\"default\">\n<li>\n<p class=\"preFade\" style=\"white-space: pre-wrap; transition-timing-function: ease; transition-duration: 1.5s; transition-delay: 0.221538s;\">Thu\u1ed1c vi\u00ean: Ng\u00e0y u\u1ed1ng 3 l\u1ea7n, m\u1ed7i l\u1ea7n 3-4 vi\u00ean.<\/p>\n<\/li>\n<li>\n<p class=\"preFade\" style=\"white-space: pre-wrap; transition-timing-function: ease; transition-duration: 1.5s; transition-delay: 0.230769s;\">Thu\u1ed1c t\u1ec5: Ng\u00e0y 2 l\u1ea7n, m\u1ed7i l\u1ea7n nhai 2 vi\u00ean v\u1edbi n\u01b0\u1edbc \u1ea5m.<\/p>\n<\/li>\n<\/ul>\n<p class=\"preFade\" style=\"white-space: pre-wrap; transition-timing-function: ease; transition-duration: 1.5s; transition-delay: 0.24s;\"><strong>Ki\u00eang c\u1eef:&nbsp;<\/strong>Tr\u00e0, coffee, r\u01b0\u1ee3u bia, m\u1ed9t s\u1ed1 rau qu\u1ea3 nh\u01b0 b\u1ea7u, m\u01b0\u1edbp, b\u00ed xanh, rau m\u00e1\u2026<\/p>","protected":false},"excerpt":{"rendered":"<p>T\u00e1c d\u1ee5ng: \u00d4n b\u1ed5 th\u1eadn d\u01b0\u01a1ng, c\u1ea3i thi\u1ec7n ch\u1ee9c n\u0103ng B\u00e0ng quang v\u00e0 tuy\u1ebfn ti\u1ec1n li\u1ec7t, kh\u1ed1ng ch\u1ebf v\u00e0 \u0111i\u1ec1u h\u00f2a hi\u1ec7n t\u01b0\u1ee3ng \u0111i ti\u1ec3u li\u00ean mi\u00ean kh\u00f4ng ki\u1ec1m ch\u1ebf \u0111\u01b0\u1ee3c, ti\u1ec3u l\u1eaft nh\u1eaft, ti\u1ec3u s\u00f3n. Th\u00e0nh ph\u1ea7n:&nbsp;Ho\u00e0ng k\u1ef3, H\u1ed3ng s\u00e2m, Ba k\u00edch, Kim anh t\u1eed, \u00cdch tr\u00ed nh\u00e2n, Ti\u00ean linh t\u1ef3\u2026 C\u00e1ch d\u00f9ng:&nbsp; Thu\u1ed1c<\/p>","protected":false},"featured_media":1811,"comment_status":"closed","ping_status":"open","template":"","meta":[],"_links":{"self":[{"href":"https:\/\/the1011.com\/en\/wp-json\/wp\/v2\/product\/1905"}],"collection":[{"href":"https:\/\/the1011.com\/en\/wp-json\/wp\/v2\/product"}],"about":[{"href":"https:\/\/the1011.com\/en\/wp-json\/wp\/v2\/types\/product"}],"replies":[{"embeddable":true,"href":"https:\/\/the1011.com\/en\/wp-json\/wp\/v2\/comments?post=1905"}],"wp:featuredmedia":[{"embeddable":true,"href":"https:\/\/the1011.com\/en\/wp-json\/wp\/v2\/media\/1811"}],"wp:attachment":[{"href":"https:\/\/the1011.com\/en\/wp-json\/wp\/v2\/media?parent=1905"}],"curies":[{"name":"wp","href":"https:\/\/api.w.org\/{rel}","templated":true}]}}