{"id":1904,"date":"2024-08-05T16:28:17","date_gmt":"2024-08-05T09:28:17","guid":{"rendered":"https:\/\/the1011.com\/product\/ct-059-san-soi-bang-quang-duong-tieu-bladder-urinary-tract-stones\/"},"modified":"2024-08-05T16:28:19","modified_gmt":"2024-08-05T09:28:19","slug":"ct-059-san-soi-bang-quang-duong-tieu-bladder-urinary-tract-stones","status":"publish","type":"product","link":"https:\/\/the1011.com\/en\/product\/ct-059-san-soi-bang-quang-duong-tieu-bladder-urinary-tract-stones\/","title":{"rendered":"CT.059 &#8211; S\u1ea0N (S\u1eceI) B\u00c0NG QUANG, \u0110\u01af\u1edcNG TI\u1ec2U (BLADDER, URINARY TRACT STONES)"},"content":{"rendered":"<p class=\"preFade\" style=\"transition-timing-function: ease; transition-duration: 1.5s; transition-delay: 0.210526s;\"><strong>T\u00e1c d\u1ee5ng<\/strong>: B\u1ed5 Th\u1eadn, t\u0103ng l\u1ef1c B\u00e0ng quang. Gi\u00fap l\u00e0m m\u00f2n k\u00edch th\u01b0\u1edbc vi\u00ean s\u1ecfi k\u1ebft \u0111\u1ecdng trong b\u00e0ng quang hay ni\u1ec7u qu\u1ea3n, tr\u1ee5c ch\u00fang ra theo \u0111\u01b0\u1eddng ti\u1ec3u. Gi\u1ea3m \u0111au, ch\u1ed1ng nhi\u1ec5m tr\u00f9ng \u0111\u01b0\u1eddng ti\u1ec3u, ti\u1ec3u l\u1eaft nh\u1eaft, ti\u1ec3u kh\u00f4ng ki\u1ec1m \u0111\u01b0\u1ee3c, b\u00ed ti\u1ec3u, c\u0103ng t\u1ee9c v\u00f9ng b\u1ee5ng d\u01b0\u1edbi, n\u01b0\u1edbc ti\u1ec3u c\u00f3 m\u00e1u.<\/p>\n<p class=\"preFade\" style=\"transition-timing-function: ease; transition-duration: 1.5s; transition-delay: 0.221053s;\"><strong>Th\u00e0nh ph\u1ea7n:&nbsp;<\/strong>Kim ti\u1ec1n th\u1ea3o, Tr\u1ea1ch t\u1ea3, Ty qua l\u1ea1c, Ng\u01b0u t\u1ea5t, Th\u1ea1ch vi\u2026<\/p>\n<p class=\"preFade\" style=\"transition-timing-function: ease; transition-duration: 1.5s; transition-delay: 0.231579s;\"><strong>C\u00e1ch d\u00f9ng:&nbsp;<\/strong>Ng\u00e0y u\u1ed1ng 3 l\u1ea7n, m\u1ed7i l\u1ea7n 3-4 vi\u00ean v\u1edbi ly n\u01b0\u1edbc \u0111\u1ea7y.<\/p>\n<p class=\"preFade\" style=\"transition-timing-function: ease; transition-duration: 1.5s; transition-delay: 0.242105s;\"><strong>Ki\u00eang c\u1eef:&nbsp;<\/strong>N\u00edn ti\u1ec3u, u\u1ed1ng qu\u00e1 \u00edt n\u01b0\u1edbc, ng\u1ed3i l\u00e2u m\u1ed9t ch\u1ed7. H\u1ea1n ch\u1ebf \u0103n rau d\u1ec1n ho\u1eb7c h\u1ea7m nh\u1eeb.<\/p>","protected":false},"excerpt":{"rendered":"<p>T\u00e1c d\u1ee5ng: B\u1ed5 Th\u1eadn, t\u0103ng l\u1ef1c B\u00e0ng quang. Gi\u00fap l\u00e0m m\u00f2n k\u00edch th\u01b0\u1edbc vi\u00ean s\u1ecfi k\u1ebft \u0111\u1ecdng trong b\u00e0ng quang hay ni\u1ec7u qu\u1ea3n, tr\u1ee5c ch\u00fang ra theo \u0111\u01b0\u1eddng ti\u1ec3u. Gi\u1ea3m \u0111au, ch\u1ed1ng nhi\u1ec5m tr\u00f9ng \u0111\u01b0\u1eddng ti\u1ec3u, ti\u1ec3u l\u1eaft nh\u1eaft, ti\u1ec3u kh\u00f4ng ki\u1ec1m \u0111\u01b0\u1ee3c, b\u00ed ti\u1ec3u, c\u0103ng t\u1ee9c v\u00f9ng b\u1ee5ng d\u01b0\u1edbi, n\u01b0\u1edbc ti\u1ec3u c\u00f3 m\u00e1u. Th\u00e0nh<\/p>","protected":false},"featured_media":1771,"comment_status":"closed","ping_status":"open","template":"","meta":[],"_links":{"self":[{"href":"https:\/\/the1011.com\/en\/wp-json\/wp\/v2\/product\/1904"}],"collection":[{"href":"https:\/\/the1011.com\/en\/wp-json\/wp\/v2\/product"}],"about":[{"href":"https:\/\/the1011.com\/en\/wp-json\/wp\/v2\/types\/product"}],"replies":[{"embeddable":true,"href":"https:\/\/the1011.com\/en\/wp-json\/wp\/v2\/comments?post=1904"}],"wp:featuredmedia":[{"embeddable":true,"href":"https:\/\/the1011.com\/en\/wp-json\/wp\/v2\/media\/1771"}],"wp:attachment":[{"href":"https:\/\/the1011.com\/en\/wp-json\/wp\/v2\/media?parent=1904"}],"curies":[{"name":"wp","href":"https:\/\/api.w.org\/{rel}","templated":true}]}}