{"id":1903,"date":"2024-08-05T16:28:17","date_gmt":"2024-08-05T09:28:17","guid":{"rendered":"https:\/\/the1011.com\/product\/ct-058-soi-san-than-kidney-stone\/"},"modified":"2024-08-05T16:28:18","modified_gmt":"2024-08-05T09:28:18","slug":"ct-058-soi-san-than-kidney-stone","status":"publish","type":"product","link":"https:\/\/the1011.com\/en\/product\/ct-058-soi-san-than-kidney-stone\/","title":{"rendered":"CT.058 &#8211; S\u1eceI (S\u1ea0N) TH\u1eacN (KIDNEY STONE)"},"content":{"rendered":"<p class=\"preFade\" style=\"transition-timing-function: ease; transition-duration: 1.5s; transition-delay: 0.217241s;\"><strong>T\u00e1c d\u1ee5ng<\/strong>: \u00d4n th\u1eadn h\u00e0nh th\u1ee7y, gi\u1ea3m \u0111au l\u01b0ng, t\u00e1n n\u00e1t v\u00e0 tr\u1ee5c s\u1ecfi ra ngo\u00e0i theo \u0111\u01b0\u1eddng ti\u1ec3u.<\/p>\n<p class=\"preFade\" style=\"transition-timing-function: ease; transition-duration: 1.5s; transition-delay: 0.227586s;\"><strong>Th\u00e0nh ph\u1ea7n:&nbsp;<\/strong>Kim ti\u1ec1n th\u1ea3o, H\u1ed3 \u0111\u00e0o nh\u00e2n, Xa ti\u1ec1n t\u1eed, Cam th\u1ea3o, Bi\u1ec3n s\u00fac\u2026<\/p>\n<p class=\"preFade\" style=\"transition-timing-function: ease; transition-duration: 1.5s; transition-delay: 0.237931s;\"><strong>C\u00e1ch d\u00f9ng:&nbsp;<\/strong>Ng\u00e0y u\u1ed1ng 3 l\u1ea7n, m\u1ed7i l\u1ea7m 3-4 vi\u00ean v\u1edbi 1 ly n\u01b0\u1edbc l\u1ecdc.<\/p>\n<p class=\"preFade\" style=\"transition-timing-function: ease; transition-duration: 1.5s; transition-delay: 0.248276s;\"><strong>Ki\u00eang c\u1eef:&nbsp;<\/strong>H\u1ea1n ch\u1ebf \u0103n rau d\u1ec1n h\u1ea7m nh\u1eeb. C\u1ea7n u\u1ed1ng \u0111\u1ee7 n\u01b0\u1edbc, t\u1ed1i thi\u1ec3u 6-8 ly n\u01b0\u1edbc\/ng\u00e0y. Tr\u00e1nh th\u00f3i quen n\u00edn ti\u1ec3u.<\/p>","protected":false},"excerpt":{"rendered":"<p>T\u00e1c d\u1ee5ng: \u00d4n th\u1eadn h\u00e0nh th\u1ee7y, gi\u1ea3m \u0111au l\u01b0ng, t\u00e1n n\u00e1t v\u00e0 tr\u1ee5c s\u1ecfi ra ngo\u00e0i theo \u0111\u01b0\u1eddng ti\u1ec3u. Th\u00e0nh ph\u1ea7n:&nbsp;Kim ti\u1ec1n th\u1ea3o, H\u1ed3 \u0111\u00e0o nh\u00e2n, Xa ti\u1ec1n t\u1eed, Cam th\u1ea3o, Bi\u1ec3n s\u00fac\u2026 C\u00e1ch d\u00f9ng:&nbsp;Ng\u00e0y u\u1ed1ng 3 l\u1ea7n, m\u1ed7i l\u1ea7m 3-4 vi\u00ean v\u1edbi 1 ly n\u01b0\u1edbc l\u1ecdc. Ki\u00eang c\u1eef:&nbsp;H\u1ea1n ch\u1ebf \u0103n rau d\u1ec1n h\u1ea7m nh\u1eeb.<\/p>","protected":false},"featured_media":1807,"comment_status":"closed","ping_status":"open","template":"","meta":[],"_links":{"self":[{"href":"https:\/\/the1011.com\/en\/wp-json\/wp\/v2\/product\/1903"}],"collection":[{"href":"https:\/\/the1011.com\/en\/wp-json\/wp\/v2\/product"}],"about":[{"href":"https:\/\/the1011.com\/en\/wp-json\/wp\/v2\/types\/product"}],"replies":[{"embeddable":true,"href":"https:\/\/the1011.com\/en\/wp-json\/wp\/v2\/comments?post=1903"}],"wp:featuredmedia":[{"embeddable":true,"href":"https:\/\/the1011.com\/en\/wp-json\/wp\/v2\/media\/1807"}],"wp:attachment":[{"href":"https:\/\/the1011.com\/en\/wp-json\/wp\/v2\/media?parent=1903"}],"curies":[{"name":"wp","href":"https:\/\/api.w.org\/{rel}","templated":true}]}}