{"id":1901,"date":"2024-08-05T16:28:17","date_gmt":"2024-08-05T09:28:17","guid":{"rendered":"https:\/\/the1011.com\/product\/ct-056-nhiem-khuan-duong-tieu-unirary-tract-infection\/"},"modified":"2024-08-05T16:28:18","modified_gmt":"2024-08-05T09:28:18","slug":"ct-056-nhiem-khuan-duong-tieu-unirary-tract-infection","status":"publish","type":"product","link":"https:\/\/the1011.com\/en\/product\/ct-056-nhiem-khuan-duong-tieu-unirary-tract-infection\/","title":{"rendered":"CT.056 &#8211; NHI\u1ec4M KHU\u1ea8N \u0110\u01af\u1edcNG TI\u1ec2U (UNIRARY TRACT INFECTION)"},"content":{"rendered":"<p class=\"preFade\" style=\"transition-timing-function: ease; transition-duration: 1.5s; transition-delay: 0.210526s;\"><strong><em>T\u00e1c d\u1ee5ng<\/em><\/strong>: C\u1ea3i thi\u1ec7n h\u1ec7 b\u00e0i ti\u1ebft, kh\u00e1ng khu\u1ea9n, kh\u00e1ng vi\u00eam, th\u00f4ng ti\u1ec3u.<\/p>\n<p class=\"preFade\" style=\"transition-timing-function: ease; transition-duration: 1.5s; transition-delay: 0.221053s;\"><strong>Th\u00e0nh ph\u1ea7n:&nbsp;<\/strong>Tri m\u1eabu, Ho\u00e0ng b\u00e1, Kim ng\u00e2n hoa, B\u1ed3 c\u00f4ng anh, Cam th\u1ea3o, Xa ti\u1ec1n t\u1eed\u2026<\/p>\n<p class=\"preFade\" style=\"transition-timing-function: ease; transition-duration: 1.5s; transition-delay: 0.231579s;\"><strong>C\u00e1ch d\u00f9ng:&nbsp;<\/strong>Ng\u00e0y u\u1ed1ng 3 l\u1ea7n, m\u1ed7i l\u1ea7n 3-4 vi\u00ean.<\/p>\n<p class=\"preFade\" style=\"transition-timing-function: ease; transition-duration: 1.5s; transition-delay: 0.242105s;\"><strong>Ki\u00eang c\u1eef:&nbsp;<\/strong>Gia v\u1ecb cay n\u00f3ng. C\u1ea7n u\u1ed1ng \u0111\u1ee7 n\u01b0\u1edbc, t\u1ed1i thi\u1ec3u 6-8 c\u1ed1c n\u01b0\u1edbc\/ng\u00e0y.<\/p>","protected":false},"excerpt":{"rendered":"<p>T\u00e1c d\u1ee5ng: C\u1ea3i thi\u1ec7n h\u1ec7 b\u00e0i ti\u1ebft, kh\u00e1ng khu\u1ea9n, kh\u00e1ng vi\u00eam, th\u00f4ng ti\u1ec3u. Th\u00e0nh ph\u1ea7n:&nbsp;Tri m\u1eabu, Ho\u00e0ng b\u00e1, Kim ng\u00e2n hoa, B\u1ed3 c\u00f4ng anh, Cam th\u1ea3o, Xa ti\u1ec1n t\u1eed\u2026 C\u00e1ch d\u00f9ng:&nbsp;Ng\u00e0y u\u1ed1ng 3 l\u1ea7n, m\u1ed7i l\u1ea7n 3-4 vi\u00ean. Ki\u00eang c\u1eef:&nbsp;Gia v\u1ecb cay n\u00f3ng. C\u1ea7n u\u1ed1ng \u0111\u1ee7 n\u01b0\u1edbc, t\u1ed1i thi\u1ec3u 6-8 c\u1ed1c n\u01b0\u1edbc\/ng\u00e0y.<\/p>","protected":false},"featured_media":1805,"comment_status":"closed","ping_status":"open","template":"","meta":[],"_links":{"self":[{"href":"https:\/\/the1011.com\/en\/wp-json\/wp\/v2\/product\/1901"}],"collection":[{"href":"https:\/\/the1011.com\/en\/wp-json\/wp\/v2\/product"}],"about":[{"href":"https:\/\/the1011.com\/en\/wp-json\/wp\/v2\/types\/product"}],"replies":[{"embeddable":true,"href":"https:\/\/the1011.com\/en\/wp-json\/wp\/v2\/comments?post=1901"}],"wp:featuredmedia":[{"embeddable":true,"href":"https:\/\/the1011.com\/en\/wp-json\/wp\/v2\/media\/1805"}],"wp:attachment":[{"href":"https:\/\/the1011.com\/en\/wp-json\/wp\/v2\/media?parent=1901"}],"curies":[{"name":"wp","href":"https:\/\/api.w.org\/{rel}","templated":true}]}}