{"id":1899,"date":"2024-08-05T16:28:17","date_gmt":"2024-08-05T09:28:17","guid":{"rendered":"https:\/\/the1011.com\/product\/ct-106-buou-co-cuong-giap-hyperthyroidism\/"},"modified":"2024-08-05T16:28:18","modified_gmt":"2024-08-05T09:28:18","slug":"ct-106-buou-co-cuong-giap-hyperthyroidism","status":"publish","type":"product","link":"https:\/\/the1011.com\/en\/product\/ct-106-buou-co-cuong-giap-hyperthyroidism\/","title":{"rendered":"CT.106 &#8211; B\u01af\u1edaU C\u1ed4 &#8211; C\u01af\u1edcNG GI\u00c1P (HYPERTHYROIDISM)"},"content":{"rendered":"<p class=\"preFade\" style=\"transition-timing-function: ease; transition-duration: 1.5s; transition-delay: 0.226415s;\"><strong><em>T\u00e1c d\u1ee5ng<\/em><\/strong>: Gi\u00fap tuy\u1ebfn gi\u00e1p \u0111i\u1ec1u ti\u1ebft s\u1ea3n xu\u1ea5t hormone kh\u00f4ng cho th\u1eb7ng d\u01b0; c\u1ea3i thi\u1ec7n tuy\u1ebfn gi\u00e1p thu nh\u1ecf k\u00edch th\u01b0\u1edbc nh\u01b0 c\u0169, h\u00f3a gi\u1ea3i ch\u1ee9ng th\u00e8m \u0103n, s\u1ee5t c\u00e2n, \u0111\u1ed5 m\u1ed3 h\u00f4i, l\u1ed3i m\u1eaft (b\u01b0\u1edbu c\u1ed5 l\u1ed9 nh\u00e3n), tim \u0111\u1eadp nhanh, m\u1ec7t s\u1ee9c.<\/p>\n<p class=\"preFade\" style=\"transition-timing-function: ease; transition-duration: 1.5s; transition-delay: 0.237736s;\"><strong>Th\u00e0nh ph\u1ea7n:&nbsp;<\/strong>H\u1ea3i t\u1ea3o, C\u00f4n b\u1ed1, H\u1ea1 kh\u00f4 th\u1ea3o, U\u1ea5t kim, Nga tru\u1eadt, B\u1ed1i m\u1eabu\u2026<\/p>\n<p class=\"preFade\" style=\"transition-timing-function: ease; transition-duration: 1.5s; transition-delay: 0.249057s;\"><strong>C\u00e1ch d\u00f9ng:&nbsp;<\/strong>Ng\u00e0y u\u1ed1ng 3 l\u1ea7n, m\u1ed7i l\u1ea7n 3-4 vi\u00ean cho \u0111\u1ebfn khi b\u01b0\u1edbu gi\u00e1p nh\u1ecf l\u1ea1i nh\u01b0 c\u0169.<\/p>\n<p class=\"preFade\" style=\"transition-timing-function: ease; transition-duration: 1.5s; transition-delay: 0.260377s;\"><strong>Ki\u00eang c\u1eef:&nbsp;<\/strong>C\u1ea3i xanh, c\u1ea3i c\u1ee7, b\u1eafp c\u1ea3i, cam, qu\u00edt, t\u00e1o, l\u00ea, nho, khoai m\u00ec, h\u1ea1t k\u00ea, \u0111\u1eadu n\u00e0nh, r\u01b0\u1ee3u bia. N\u00ean d\u00f9ng th\u00eam mu\u1ed1i iod c\u00f3 trong ngh\u00eau, s\u00f2, h\u1ea3i s\u00e2m, h\u1ea3i t\u1ea3o.<\/p>","protected":false},"excerpt":{"rendered":"<p>T\u00e1c d\u1ee5ng: Gi\u00fap tuy\u1ebfn gi\u00e1p \u0111i\u1ec1u ti\u1ebft s\u1ea3n xu\u1ea5t hormone kh\u00f4ng cho th\u1eb7ng d\u01b0; c\u1ea3i thi\u1ec7n tuy\u1ebfn gi\u00e1p thu nh\u1ecf k\u00edch th\u01b0\u1edbc nh\u01b0 c\u0169, h\u00f3a gi\u1ea3i ch\u1ee9ng th\u00e8m \u0103n, s\u1ee5t c\u00e2n, \u0111\u1ed5 m\u1ed3 h\u00f4i, l\u1ed3i m\u1eaft (b\u01b0\u1edbu c\u1ed5 l\u1ed9 nh\u00e3n), tim \u0111\u1eadp nhanh, m\u1ec7t s\u1ee9c. Th\u00e0nh ph\u1ea7n:&nbsp;H\u1ea3i t\u1ea3o, C\u00f4n b\u1ed1, H\u1ea1 kh\u00f4 th\u1ea3o, U\u1ea5t kim,<\/p>","protected":false},"featured_media":1835,"comment_status":"closed","ping_status":"open","template":"","meta":[],"_links":{"self":[{"href":"https:\/\/the1011.com\/en\/wp-json\/wp\/v2\/product\/1899"}],"collection":[{"href":"https:\/\/the1011.com\/en\/wp-json\/wp\/v2\/product"}],"about":[{"href":"https:\/\/the1011.com\/en\/wp-json\/wp\/v2\/types\/product"}],"replies":[{"embeddable":true,"href":"https:\/\/the1011.com\/en\/wp-json\/wp\/v2\/comments?post=1899"}],"wp:featuredmedia":[{"embeddable":true,"href":"https:\/\/the1011.com\/en\/wp-json\/wp\/v2\/media\/1835"}],"wp:attachment":[{"href":"https:\/\/the1011.com\/en\/wp-json\/wp\/v2\/media?parent=1899"}],"curies":[{"name":"wp","href":"https:\/\/api.w.org\/{rel}","templated":true}]}}