{"id":1898,"date":"2024-08-05T16:28:17","date_gmt":"2024-08-05T09:28:17","guid":{"rendered":"https:\/\/the1011.com\/product\/ct-014-tieu-duong\/"},"modified":"2024-08-05T16:28:18","modified_gmt":"2024-08-05T09:28:18","slug":"ct-014-tieu-duong","status":"publish","type":"product","link":"https:\/\/the1011.com\/en\/product\/ct-014-tieu-duong\/","title":{"rendered":"CT.014 &#8211; TI\u1ec2U \u0110\u01af\u1edcNG"},"content":{"rendered":"<p data-mce-fragment=\"1\" class=\"preFade\" style=\"transition-timing-function: ease; transition-duration: 1.5s; transition-delay: 0.226415s;\"><strong data-mce-fragment=\"1\">T\u00e1c d\u1ee5ng:<\/strong><span data-mce-fragment=\"1\">&nbsp;<\/span>Gi\u00fap c\u1ea3i thi\u1ec7n ch\u1ee9c n\u0103ng t\u1ee5y t\u1ea1ng, th\u00fac \u0111\u1ea9y s\u1ea3n xu\u1ea5t ch\u1ea5t insulin, h\u1ea1 l\u01b0\u1ee3ng \u0111\u01b0\u1eddng th\u1eb7ng d\u01b0 trong m\u00e1u, n\u00e2ng cao s\u1ee9c kh\u1ecfe.<\/p>\n<p data-mce-fragment=\"1\" class=\"preFade\" style=\"transition-timing-function: ease; transition-duration: 1.5s; transition-delay: 0.237736s;\"><strong data-mce-fragment=\"1\">Th\u00e0nh ph\u1ea7n:<\/strong><span data-mce-fragment=\"1\">&nbsp;<\/span>Ho\u00e0i s\u01a1n, S\u01a1n th\u00f9 nh\u1ee5c, B\u1ea1ch bi\u1ec3n \u0111\u1eadu, Th\u01b0\u01a1ng tru\u1eadt, Nh\u1ee5c qu\u1ebf, Fenugreek\u2026<\/p>\n<p data-mce-fragment=\"1\" class=\"preFade\" style=\"transition-timing-function: ease; transition-duration: 1.5s; transition-delay: 0.249057s;\"><strong data-mce-fragment=\"1\">C\u00e1ch d\u00f9ng:<\/strong><span data-mce-fragment=\"1\">&nbsp;<\/span>Ng\u00e0y u\u1ed1ng 3 l\u1ea7n, m\u1ed7i l\u1ea7n 3-4 vi\u00ean.<\/p>\n<p data-mce-fragment=\"1\" class=\"preFade\" style=\"transition-timing-function: ease; transition-duration: 1.5s; transition-delay: 0.260377s;\"><strong data-mce-fragment=\"1\">Ki\u00eang c\u1eef:<\/strong><span data-mce-fragment=\"1\">&nbsp;<\/span>Th\u1ecbt b\u00f2, b\u1eafp (ng\u00f4), \u0111\u01b0\u1eddng m\u00eda v\u00e0 c\u00e1c s\u1ea3n ph\u1ea9m c\u00f3 pha tr\u1ed9n \u0111\u01b0\u1eddng, g\u1ea1o tr\u1eafng, b\u00e1nh m\u00ec tr\u1eafng v\u00e0 nhi\u1ec1u lo\u1ea1i tinh b\u1ed9t l\u00e0m t\u0103ng \u0111\u01b0\u1eddng, tr\u00e1i c\u00e2y ch\u00edn ng\u1ecdt\u2026<\/p>","protected":false},"excerpt":{"rendered":"<p>T\u00e1c d\u1ee5ng:&nbsp;Gi\u00fap c\u1ea3i thi\u1ec7n ch\u1ee9c n\u0103ng t\u1ee5y t\u1ea1ng, th\u00fac \u0111\u1ea9y s\u1ea3n xu\u1ea5t ch\u1ea5t insulin, h\u1ea1 l\u01b0\u1ee3ng \u0111\u01b0\u1eddng th\u1eb7ng d\u01b0 trong m\u00e1u, n\u00e2ng cao s\u1ee9c kh\u1ecfe. Th\u00e0nh ph\u1ea7n:&nbsp;Ho\u00e0i s\u01a1n, S\u01a1n th\u00f9 nh\u1ee5c, B\u1ea1ch bi\u1ec3n \u0111\u1eadu, Th\u01b0\u01a1ng tru\u1eadt, Nh\u1ee5c qu\u1ebf, Fenugreek\u2026 C\u00e1ch d\u00f9ng:&nbsp;Ng\u00e0y u\u1ed1ng 3 l\u1ea7n, m\u1ed7i l\u1ea7n 3-4 vi\u00ean. Ki\u00eang c\u1eef:&nbsp;Th\u1ecbt b\u00f2, b\u1eafp (ng\u00f4), \u0111\u01b0\u1eddng m\u00eda<\/p>","protected":false},"featured_media":1754,"comment_status":"closed","ping_status":"open","template":"","meta":[],"_links":{"self":[{"href":"https:\/\/the1011.com\/en\/wp-json\/wp\/v2\/product\/1898"}],"collection":[{"href":"https:\/\/the1011.com\/en\/wp-json\/wp\/v2\/product"}],"about":[{"href":"https:\/\/the1011.com\/en\/wp-json\/wp\/v2\/types\/product"}],"replies":[{"embeddable":true,"href":"https:\/\/the1011.com\/en\/wp-json\/wp\/v2\/comments?post=1898"}],"wp:featuredmedia":[{"embeddable":true,"href":"https:\/\/the1011.com\/en\/wp-json\/wp\/v2\/media\/1754"}],"wp:attachment":[{"href":"https:\/\/the1011.com\/en\/wp-json\/wp\/v2\/media?parent=1898"}],"curies":[{"name":"wp","href":"https:\/\/api.w.org\/{rel}","templated":true}]}}