{"id":1897,"date":"2024-08-05T16:28:14","date_gmt":"2024-08-05T09:28:14","guid":{"rendered":"https:\/\/the1011.com\/product\/ct-169-chanh-pham-dong-trung-ha-thao\/"},"modified":"2024-08-05T16:28:17","modified_gmt":"2024-08-05T09:28:17","slug":"ct-169-chanh-pham-dong-trung-ha-thao","status":"publish","type":"product","link":"https:\/\/the1011.com\/en\/product\/ct-169-chanh-pham-dong-trung-ha-thao\/","title":{"rendered":"CT.169 CH\u00c1NH PH\u1ea8M \u0110\u00d4NG TR\u00d9NG H\u1ea0 TH\u1ea2O"},"content":{"rendered":"<p class=\"preFade\" style=\"white-space: pre-wrap; transition-timing-function: ease; transition-duration: 1.5s; transition-delay: 0.235294s;\"><strong>T\u00e1c d\u1ee5ng:<\/strong> B\u1ed5 sung t\u1ee7y t\u1ed1t, t\u1eb7ng n\u0103ng l\u01b0\u1ee3ng, s\u1ee9c kh\u1ecfe ph\u1ed5i, t\u0103ng c\u01b0\u1eddng th\u1eadn, l\u00e0m \u0111\u1eb9p. C\u1ea3i thi\u1ec7n hi\u1ec7u qu\u1ea3 c\u1ee7a ch\u1ee9ng suy nh\u01b0\u1ee3c th\u1ea7n kinh, b\u1ec7nh tim thi\u1ebfu m\u00e1u c\u1ee5c b\u1ed9 ho\u1eb7c hen suy\u1ec5n, ho ra m\u00e1u, suy th\u1eadn \/ li\u1ec7t th\u1eadn ti\u1ec3u \u0111\u01b0\u1eddng, \u0111au l\u01b0ng \/ \u0111au th\u1ea7n kinh t\u1ecda, g\u1ed1i m\u1ecfi, \u0111i ti\u1ec3u li\u00ean t\u1ee5c, b\u1ea5t l\u1ef1c nam, ki\u1ec7t s\u1ee9c, y\u1ebfu s\u1ee9c.<\/p>\n<p><strong>Th\u00e0nh ph\u1ea7n:<\/strong> T\u00e2y T\u1ea1ng \u0110\u00f4ng tr\u00f9ng h\u1ea1 th\u1ea3o, L\u1ed9c gi\u00e1c giao, D\u00e3 Nh\u00e2n s\u00e2m,\u2026<\/p>\n<p class=\"preFade\" style=\"white-space: pre-wrap; transition-timing-function: ease; transition-duration: 1.5s; transition-delay: 0.247059s;\"><strong>C\u00e1ch d\u00f9ng:<\/strong> Ng\u00e0y u\u1ed1ng 2-3 l\u1ea7n, m\u1ed7i l\u1ea7n 1-2 capsules t\u00f9y b\u1ec7nh l\u00fd nh\u1eb9 hay n\u1eb7ng \u0111\u1ec3 s\u1eed d\u1ee5ng li\u1ec1u l\u01b0\u1ee3ng cho th\u00edch h\u1ee3p. n\u00ean u\u1ed1ng tr\u01b0\u1edbc b\u1eefa \u0103n.<\/p>","protected":false},"excerpt":{"rendered":"<p>T\u00e1c d\u1ee5ng: B\u1ed5 sung t\u1ee7y t\u1ed1t, t\u1eb7ng n\u0103ng l\u01b0\u1ee3ng, s\u1ee9c kh\u1ecfe ph\u1ed5i, t\u0103ng c\u01b0\u1eddng th\u1eadn, l\u00e0m \u0111\u1eb9p. C\u1ea3i thi\u1ec7n hi\u1ec7u qu\u1ea3 c\u1ee7a ch\u1ee9ng suy nh\u01b0\u1ee3c th\u1ea7n kinh, b\u1ec7nh tim thi\u1ebfu m\u00e1u c\u1ee5c b\u1ed9 ho\u1eb7c hen suy\u1ec5n, ho ra m\u00e1u, suy th\u1eadn \/ li\u1ec7t th\u1eadn ti\u1ec3u \u0111\u01b0\u1eddng, \u0111au l\u01b0ng \/ \u0111au th\u1ea7n kinh t\u1ecda, g\u1ed1i m\u1ecfi,<\/p>","protected":false},"featured_media":1861,"comment_status":"closed","ping_status":"open","template":"","meta":[],"_links":{"self":[{"href":"https:\/\/the1011.com\/en\/wp-json\/wp\/v2\/product\/1897"}],"collection":[{"href":"https:\/\/the1011.com\/en\/wp-json\/wp\/v2\/product"}],"about":[{"href":"https:\/\/the1011.com\/en\/wp-json\/wp\/v2\/types\/product"}],"replies":[{"embeddable":true,"href":"https:\/\/the1011.com\/en\/wp-json\/wp\/v2\/comments?post=1897"}],"wp:featuredmedia":[{"embeddable":true,"href":"https:\/\/the1011.com\/en\/wp-json\/wp\/v2\/media\/1861"}],"wp:attachment":[{"href":"https:\/\/the1011.com\/en\/wp-json\/wp\/v2\/media?parent=1897"}],"curies":[{"name":"wp","href":"https:\/\/api.w.org\/{rel}","templated":true}]}}