{"id":1896,"date":"2024-08-05T16:28:14","date_gmt":"2024-08-05T09:28:14","guid":{"rendered":"https:\/\/the1011.com\/product\/ct-161-khi-huyet-dai-bo\/"},"modified":"2024-08-05T16:28:16","modified_gmt":"2024-08-05T09:28:16","slug":"ct-161-khi-huyet-dai-bo","status":"publish","type":"product","link":"https:\/\/the1011.com\/en\/product\/ct-161-khi-huyet-dai-bo\/","title":{"rendered":"CT.161 \u2013 KH\u00cd HUY\u1ebeT \u0110\u1ea0I B\u1ed4"},"content":{"rendered":"<p data-mce-fragment=\"1\" class=\"preFade\" style=\"transition-timing-function: ease; transition-duration: 1.5s; transition-delay: 0.252s;\"><strong data-mce-fragment=\"1\">T\u00e1c d\u1ee5ng:<\/strong><span data-mce-fragment=\"1\">&nbsp;<\/span>\u0110\u1ea1i b\u1ed5 kh\u00ed huy\u1ebft, n\u00e2ng cao t\u00ednh mi\u1ec5n d\u1ecbch c\u01a1 th\u1ec3. C\u1ea3i thi\u1ec7n hi\u1ec7u qu\u1ea3 c\u00e1c ch\u1ee9ng thi\u1ebfu m\u00e1u, tay ch\u00e2n t\u00ea c\u1ee9ng, \u0111au m\u1ecfi c\u01a1 g\u00e2n, \u0103n ng\u1ee7 k\u00e9m, ch\u00e1n \u0103n, s\u1ee5t c\u00e2n, y\u1ebfu m\u1ec7t, t\u00f3c r\u1ee5ng, da kh\u00f4.<\/p>","protected":false},"excerpt":{"rendered":"<p>T\u00e1c d\u1ee5ng:&nbsp;\u0110\u1ea1i b\u1ed5 kh\u00ed huy\u1ebft, n\u00e2ng cao t\u00ednh mi\u1ec5n d\u1ecbch c\u01a1 th\u1ec3. C\u1ea3i thi\u1ec7n hi\u1ec7u qu\u1ea3 c\u00e1c ch\u1ee9ng thi\u1ebfu m\u00e1u, tay ch\u00e2n t\u00ea c\u1ee9ng, \u0111au m\u1ecfi c\u01a1 g\u00e2n, \u0103n ng\u1ee7 k\u00e9m, ch\u00e1n \u0103n, s\u1ee5t c\u00e2n, y\u1ebfu m\u1ec7t, t\u00f3c r\u1ee5ng, da kh\u00f4.<\/p>","protected":false},"featured_media":1857,"comment_status":"closed","ping_status":"open","template":"","meta":[],"_links":{"self":[{"href":"https:\/\/the1011.com\/en\/wp-json\/wp\/v2\/product\/1896"}],"collection":[{"href":"https:\/\/the1011.com\/en\/wp-json\/wp\/v2\/product"}],"about":[{"href":"https:\/\/the1011.com\/en\/wp-json\/wp\/v2\/types\/product"}],"replies":[{"embeddable":true,"href":"https:\/\/the1011.com\/en\/wp-json\/wp\/v2\/comments?post=1896"}],"wp:featuredmedia":[{"embeddable":true,"href":"https:\/\/the1011.com\/en\/wp-json\/wp\/v2\/media\/1857"}],"wp:attachment":[{"href":"https:\/\/the1011.com\/en\/wp-json\/wp\/v2\/media?parent=1896"}],"curies":[{"name":"wp","href":"https:\/\/api.w.org\/{rel}","templated":true}]}}