{"id":1895,"date":"2024-08-05T16:28:14","date_gmt":"2024-08-05T09:28:14","guid":{"rendered":"https:\/\/the1011.com\/product\/ct-099-te-thap-ma-moc\/"},"modified":"2024-08-05T16:28:16","modified_gmt":"2024-08-05T09:28:16","slug":"ct-099-te-thap-ma-moc","status":"publish","type":"product","link":"https:\/\/the1011.com\/en\/product\/ct-099-te-thap-ma-moc\/","title":{"rendered":"CT.099 &#8211; T\u00ca TH\u1ea4P (MA M\u1ed8C)"},"content":{"rendered":"<p class=\"preFade\" style=\"transition-timing-function: ease; transition-duration: 1.5s; transition-delay: 0.222222s;\"><strong>T\u00e1c d\u1ee5ng:<\/strong><span>&nbsp;<\/span>Khai th\u00f4ng kinh m\u1ea1ch. C\u1ea3i thi\u1ec7n c\u00e1c ch\u1ee9ng \u0111\u1ea7u, m\u1eb7t, tay ch\u00e2n t\u00ea r\u1ea7n m\u1ea5t c\u1ea3m gi\u00e1c, y\u1ebfu g\u00e2n c\u01a1..<\/p>\n<p class=\"preFade\" style=\"transition-timing-function: ease; transition-duration: 1.5s; transition-delay: 0.233333s;\"><strong>Th\u00e0nh ph\u1ea7n:<\/strong><span>&nbsp;<\/span>Nh\u00e2n s\u00e2m, Ho\u00e0ng k\u1ef3, \u0110\u01b0\u01a1ng qui, B\u1ea1ch tru\u1eadt, Ph\u1ee5c linh, Tr\u1ea7n b\u00ec, Qu\u1ebf chi, Kh\u01b0\u01a1ng ho\u1ea1t, \u0110\u1ed9c ho\u1ea1t, H\u1ed3ng hoa, Cam th\u1ea3o\u2026<\/p>\n<p class=\"preFade\" style=\"transition-timing-function: ease; transition-duration: 1.5s; transition-delay: 0.244444s;\"><strong>C\u00e1ch d\u00f9ng:<\/strong><span>&nbsp;<\/span>Ng\u00e0y u\u1ed1ng 3 l\u1ea7n, m\u1ed7i l\u1ea7n 3-4 vi\u00ean tr\u01b0\u1edbc ho\u1eb7c sau b\u1eefa \u0103n 30-40 ph\u00fat.<\/p>","protected":false},"excerpt":{"rendered":"<p>T\u00e1c d\u1ee5ng:&nbsp;Khai th\u00f4ng kinh m\u1ea1ch. C\u1ea3i thi\u1ec7n c\u00e1c ch\u1ee9ng \u0111\u1ea7u, m\u1eb7t, tay ch\u00e2n t\u00ea r\u1ea7n m\u1ea5t c\u1ea3m gi\u00e1c, y\u1ebfu g\u00e2n c\u01a1.. Th\u00e0nh ph\u1ea7n:&nbsp;Nh\u00e2n s\u00e2m, Ho\u00e0ng k\u1ef3, \u0110\u01b0\u01a1ng qui, B\u1ea1ch tru\u1eadt, Ph\u1ee5c linh, Tr\u1ea7n b\u00ec, Qu\u1ebf chi, Kh\u01b0\u01a1ng ho\u1ea1t, \u0110\u1ed9c ho\u1ea1t, H\u1ed3ng hoa, Cam th\u1ea3o\u2026 C\u00e1ch d\u00f9ng:&nbsp;Ng\u00e0y u\u1ed1ng 3 l\u1ea7n, m\u1ed7i l\u1ea7n 3-4 vi\u00ean tr\u01b0\u1edbc ho\u1eb7c<\/p>","protected":false},"featured_media":1832,"comment_status":"closed","ping_status":"open","template":"","meta":[],"_links":{"self":[{"href":"https:\/\/the1011.com\/en\/wp-json\/wp\/v2\/product\/1895"}],"collection":[{"href":"https:\/\/the1011.com\/en\/wp-json\/wp\/v2\/product"}],"about":[{"href":"https:\/\/the1011.com\/en\/wp-json\/wp\/v2\/types\/product"}],"replies":[{"embeddable":true,"href":"https:\/\/the1011.com\/en\/wp-json\/wp\/v2\/comments?post=1895"}],"wp:featuredmedia":[{"embeddable":true,"href":"https:\/\/the1011.com\/en\/wp-json\/wp\/v2\/media\/1832"}],"wp:attachment":[{"href":"https:\/\/the1011.com\/en\/wp-json\/wp\/v2\/media?parent=1895"}],"curies":[{"name":"wp","href":"https:\/\/api.w.org\/{rel}","templated":true}]}}