{"id":1894,"date":"2024-08-05T16:28:14","date_gmt":"2024-08-05T09:28:14","guid":{"rendered":"https:\/\/the1011.com\/product\/ct-098-collagen-peptides-powder\/"},"modified":"2024-08-05T16:28:16","modified_gmt":"2024-08-05T09:28:16","slug":"ct-098-collagen-peptides-powder","status":"publish","type":"product","link":"https:\/\/the1011.com\/en\/product\/ct-098-collagen-peptides-powder\/","title":{"rendered":"CT.098 &#8211; COLLAGEN PEPTIDES POWDER"},"content":{"rendered":"<p>T\u00e1c d\u1ee5ng: T\u00e1i t\u1ea1o d\u01b0\u1ee1ng ch\u1ea5t (Protein) gi\u00fap b\u1ea3o v\u1ec7 b\u1ec1n v\u1eefng s\u1eafc \u0111\u1eb9p, da m\u1ecbn, m\u1eaft s\u00e1ng, gia t\u0103ng \u0111\u1ed9 \u0111\u1eb7c c\u1ee7a x\u01b0\u01a1ng, s\u1ee5n kh\u1edbp, ch\u1ea5t ho\u1ea1t d\u1ecbch b\u1ecb h\u01b0 h\u1ecfng, gi\u00fap g\u00e2n v\u00e0 m\u1ea1ch m\u00e1u d\u1ebbo dai, \u0111\u00e0n h\u1ed3i t\u1ed1t. Nhi\u1ec1u nghi\u00ean c\u1ee9u khoa h\u1ecdc c\u00f4ng nh\u1eadn Collagen Peptides \u0111\u00e1p \u1ee9ng nhi\u1ec1u \u0111\u1eb7c t\u00ednh \u01b0u vi\u1ec7t: Gi\u1ea3m n\u1ebfp nh\u0103n \u1edf m\u1eaft 32%, m\u1ee9c procollagen t\u1ef1 sinh t\u0103ng m\u1ea1nh gi\u00fap \u0111\u1ed9 \u0111\u00e0n h\u1ed3i c\u1ee7a da t\u0103ng 65%, m\u1ee9c elastin trong da c\u0169ng t\u0103ng 18%, gi\u1ea3m n\u1ee9t v\u00e0 m\u1ebb m\u00f3ng tay ch\u00e2n 42%.<\/p>\n<p>Th\u00e0nh ph\u1ea7n: Collagen Peptide tinh ch\u1ea5t sinh h\u1ecdc 100%.<\/p>\n<p>C\u00e1ch d\u00f9ng: Ng\u00e0y u\u1ed1ng 2 l\u1ea7n, m\u1ed7i l\u1ea7n 1-2 vi\u00ean.<\/p>","protected":false},"excerpt":{"rendered":"<p>T\u00e1c d\u1ee5ng: T\u00e1i t\u1ea1o d\u01b0\u1ee1ng ch\u1ea5t (Protein) gi\u00fap b\u1ea3o v\u1ec7 b\u1ec1n v\u1eefng s\u1eafc \u0111\u1eb9p, da m\u1ecbn, m\u1eaft s\u00e1ng, gia t\u0103ng \u0111\u1ed9 \u0111\u1eb7c c\u1ee7a x\u01b0\u01a1ng, s\u1ee5n kh\u1edbp, ch\u1ea5t ho\u1ea1t d\u1ecbch b\u1ecb h\u01b0 h\u1ecfng, gi\u00fap g\u00e2n v\u00e0 m\u1ea1ch m\u00e1u d\u1ebbo dai, \u0111\u00e0n h\u1ed3i t\u1ed1t. Nhi\u1ec1u nghi\u00ean c\u1ee9u khoa h\u1ecdc c\u00f4ng nh\u1eadn Collagen Peptides \u0111\u00e1p \u1ee9ng nhi\u1ec1u \u0111\u1eb7c<\/p>","protected":false},"featured_media":1831,"comment_status":"closed","ping_status":"open","template":"","meta":[],"_links":{"self":[{"href":"https:\/\/the1011.com\/en\/wp-json\/wp\/v2\/product\/1894"}],"collection":[{"href":"https:\/\/the1011.com\/en\/wp-json\/wp\/v2\/product"}],"about":[{"href":"https:\/\/the1011.com\/en\/wp-json\/wp\/v2\/types\/product"}],"replies":[{"embeddable":true,"href":"https:\/\/the1011.com\/en\/wp-json\/wp\/v2\/comments?post=1894"}],"wp:featuredmedia":[{"embeddable":true,"href":"https:\/\/the1011.com\/en\/wp-json\/wp\/v2\/media\/1831"}],"wp:attachment":[{"href":"https:\/\/the1011.com\/en\/wp-json\/wp\/v2\/media?parent=1894"}],"curies":[{"name":"wp","href":"https:\/\/api.w.org\/{rel}","templated":true}]}}