{"id":1893,"date":"2024-08-05T16:28:14","date_gmt":"2024-08-05T09:28:14","guid":{"rendered":"https:\/\/the1011.com\/product\/ct-097-vop-be-chuot-rut\/"},"modified":"2024-08-05T16:28:16","modified_gmt":"2024-08-05T09:28:16","slug":"ct-097-vop-be-chuot-rut","status":"publish","type":"product","link":"https:\/\/the1011.com\/en\/product\/ct-097-vop-be-chuot-rut\/","title":{"rendered":"CT.097 V\u1eccP B\u1eba (CHU\u1ed8T R\u00daT)"},"content":{"rendered":"<p class=\"preFade\" style=\"white-space: pre-wrap; transition-timing-function: ease; transition-duration: 1.5s; transition-delay: 0.225s;\"><strong>T\u00e1c d\u1ee5ng:<\/strong> B\u1ed5 huy\u1ebft, tr\u1ee3 kh\u00ed, th\u00f4ng kinh m\u1ea1ch, gi\u00fap th\u01b0 gi\u00e3n g\u00e2n, c\u01a1 v\u00e0 th\u1ea7n kinh v\u1eadn \u0111\u1ed9ng. C\u1ea3i thi\u1ec7n ch\u1ee9ng v\u1ecdp b\u1ebb (chu\u1ed9t r\u00fat) c\u01a1 tay, c\u01a1 c\u1eb3ng ch\u00e2n, g\u00e2y \u0111au d\u1eef d\u1ed9i.<\/p>\n<p class=\"preFade\" style=\"white-space: pre-wrap; transition-timing-function: ease; transition-duration: 1.5s; transition-delay: 0.235714s;\"><strong>C\u00e1ch d\u00f9ng:<\/strong> Ng\u00e0y u\u1ed1ng 3 l\u1ea7n, m\u1ed7i l\u1ea7n 3-4 vi\u00ean.<\/p>\n<p class=\"preFade\" style=\"white-space: pre-wrap; transition-timing-function: ease; transition-duration: 1.5s; transition-delay: 0.246429s;\"><strong>Ki\u00eang c\u1eef:<\/strong> \u0110\u1ee9ng l\u00e2u, ng\u1ed3i l\u00e2u m\u1ed9t ch\u1ed7. N\u00ean u\u1ed1ng \u0111\u1ee7 n\u01b0\u1edbc v\u00e0 th\u01b0\u1eddng xuy\u00ean xoa b\u00f3p n\u01a1i hay b\u1ecb v\u1ecdp b\u1ebb, kho\u1ea3ng 5 ph\u00fat tr\u01b0\u1edbc khi \u0111i ng\u1ee7.<\/p>","protected":false},"excerpt":{"rendered":"<p>T\u00e1c d\u1ee5ng: B\u1ed5 huy\u1ebft, tr\u1ee3 kh\u00ed, th\u00f4ng kinh m\u1ea1ch, gi\u00fap th\u01b0 gi\u00e3n g\u00e2n, c\u01a1 v\u00e0 th\u1ea7n kinh v\u1eadn \u0111\u1ed9ng. C\u1ea3i thi\u1ec7n ch\u1ee9ng v\u1ecdp b\u1ebb (chu\u1ed9t r\u00fat) c\u01a1 tay, c\u01a1 c\u1eb3ng ch\u00e2n, g\u00e2y \u0111au d\u1eef d\u1ed9i. C\u00e1ch d\u00f9ng: Ng\u00e0y u\u1ed1ng 3 l\u1ea7n, m\u1ed7i l\u1ea7n 3-4 vi\u00ean. Ki\u00eang c\u1eef: \u0110\u1ee9ng l\u00e2u, ng\u1ed3i l\u00e2u m\u1ed9t ch\u1ed7. N\u00ean u\u1ed1ng<\/p>","protected":false},"featured_media":1830,"comment_status":"closed","ping_status":"open","template":"","meta":[],"_links":{"self":[{"href":"https:\/\/the1011.com\/en\/wp-json\/wp\/v2\/product\/1893"}],"collection":[{"href":"https:\/\/the1011.com\/en\/wp-json\/wp\/v2\/product"}],"about":[{"href":"https:\/\/the1011.com\/en\/wp-json\/wp\/v2\/types\/product"}],"replies":[{"embeddable":true,"href":"https:\/\/the1011.com\/en\/wp-json\/wp\/v2\/comments?post=1893"}],"wp:featuredmedia":[{"embeddable":true,"href":"https:\/\/the1011.com\/en\/wp-json\/wp\/v2\/media\/1830"}],"wp:attachment":[{"href":"https:\/\/the1011.com\/en\/wp-json\/wp\/v2\/media?parent=1893"}],"curies":[{"name":"wp","href":"https:\/\/api.w.org\/{rel}","templated":true}]}}