{"id":1892,"date":"2024-08-05T16:28:14","date_gmt":"2024-08-05T09:28:14","guid":{"rendered":"https:\/\/the1011.com\/product\/ct-096-con-trat-da-xoa-bop-massage-kungfu-liquid\/"},"modified":"2024-08-05T16:28:16","modified_gmt":"2024-08-05T09:28:16","slug":"ct-096-con-trat-da-xoa-bop-massage-kungfu-liquid","status":"publish","type":"product","link":"https:\/\/the1011.com\/en\/product\/ct-096-con-trat-da-xoa-bop-massage-kungfu-liquid\/","title":{"rendered":"CT.096 C\u1ed2N TR\u1eacT \u0110\u1ea2 XOA B\u00d3P (MASSAGE KUNGFU LIQUID)"},"content":{"rendered":"<p class=\"preFade\" style=\"white-space: pre-wrap; transition-timing-function: ease; transition-duration: 1.5s; transition-delay: 0.237736s;\"><strong>C\u00e1ch d\u00f9ng:<\/strong> Xoa b\u00f3p ng\u00e0y 2-3 l\u1ea7n cho \u0111\u1ebfn khi th\u1ed1ng \u0111i\u1ec3m ch\u1ea5n th\u01b0\u01a1ng tan bi\u1ebfn<\/p>\n<p class=\"preFade\" style=\"white-space: pre-wrap; transition-timing-function: ease; transition-duration: 1.5s; transition-delay: 0.249057s;\"><strong>Th\u00e0nh ph\u1ea7n:<\/strong> Kh\u01b0\u01a1ng ho\u00e0ng, Qu\u1ebf chi, H\u1ed3ng hoa, Tr\u1ea1ch lan, T\u00f4 m\u1ed9c, C\u1ed3n,\u2026<\/p>\n<p><\/p>","protected":false},"excerpt":{"rendered":"<p>C\u00e1ch d\u00f9ng: Xoa b\u00f3p ng\u00e0y 2-3 l\u1ea7n cho \u0111\u1ebfn khi th\u1ed1ng \u0111i\u1ec3m ch\u1ea5n th\u01b0\u01a1ng tan bi\u1ebfn Th\u00e0nh ph\u1ea7n: Kh\u01b0\u01a1ng ho\u00e0ng, Qu\u1ebf chi, H\u1ed3ng hoa, Tr\u1ea1ch lan, T\u00f4 m\u1ed9c, C\u1ed3n,\u2026<\/p>","protected":false},"featured_media":1876,"comment_status":"closed","ping_status":"open","template":"","meta":[],"_links":{"self":[{"href":"https:\/\/the1011.com\/en\/wp-json\/wp\/v2\/product\/1892"}],"collection":[{"href":"https:\/\/the1011.com\/en\/wp-json\/wp\/v2\/product"}],"about":[{"href":"https:\/\/the1011.com\/en\/wp-json\/wp\/v2\/types\/product"}],"replies":[{"embeddable":true,"href":"https:\/\/the1011.com\/en\/wp-json\/wp\/v2\/comments?post=1892"}],"wp:featuredmedia":[{"embeddable":true,"href":"https:\/\/the1011.com\/en\/wp-json\/wp\/v2\/media\/1876"}],"wp:attachment":[{"href":"https:\/\/the1011.com\/en\/wp-json\/wp\/v2\/media?parent=1892"}],"curies":[{"name":"wp","href":"https:\/\/api.w.org\/{rel}","templated":true}]}}