{"id":1891,"date":"2024-08-05T16:28:14","date_gmt":"2024-08-05T09:28:14","guid":{"rendered":"https:\/\/the1011.com\/product\/ct-095-dau-thon-got-chan-shooting-pain-heels\/"},"modified":"2024-08-05T16:28:16","modified_gmt":"2024-08-05T09:28:16","slug":"ct-095-dau-thon-got-chan-shooting-pain-heels","status":"publish","type":"product","link":"https:\/\/the1011.com\/en\/product\/ct-095-dau-thon-got-chan-shooting-pain-heels\/","title":{"rendered":"CT.095 \u2013 \u0110AU TH\u1ed0N G\u00d3T CH\u00c2N (SHOOTING PAIN HEELS)"},"content":{"rendered":"<p class=\"preFade\" style=\"white-space: pre-wrap; transition-timing-function: ease; transition-duration: 1.5s; transition-delay: 0.193846s;\"><strong>T\u00e1c d\u1ee5ng:<\/strong>&nbsp;C\u1ea3i thi\u1ec7n t\u00ecnh tr\u1ea1ng s\u1ee5n g\u00f3t t\u0103ng sinh do tho\u00e1i h\u00f3a, m\u1ecdc gai, gi\u00fap s\u1ee5n co l\u1ea1i kh\u00f4ng ch\u1ea1m v\u00e0o d\u00e2y th\u1ea7n kinh g\u00f3t ch\u00e2n, l\u00e0m gi\u1ea3m ho\u1eb7c h\u1ebft \u0111au th\u1ed1n g\u00f3t ch\u00e2n.<\/p>\n<p class=\"preFade\" style=\"white-space: pre-wrap; transition-timing-function: ease; transition-duration: 1.5s; transition-delay: 0.203077s;\"><strong>Th\u00e0nh ph\u1ea7n:<\/strong>&nbsp;\u0110an s\u00e2m, Ho\u00e0ng k\u1ef3, Ng\u01b0u t\u1ea5t, Ty qua l\u1ea1c, T\u00f4 m\u1ed9c\u2026<\/p>\n<p class=\"preFade\" style=\"white-space: pre-wrap; transition-timing-function: ease; transition-duration: 1.5s; transition-delay: 0.212308s;\"><strong>C\u00e1ch d\u00f9ng:<\/strong>&nbsp;<\/p>\n<ul data-rte-list=\"default\">\n<li>\n<p class=\"preFade\" style=\"white-space: pre-wrap; transition-timing-function: ease; transition-duration: 1.5s; transition-delay: 0.221538s;\">Thu\u1ed1c vi\u00ean: Ng\u00e0y u\u1ed1ng 3 l\u1ea7n, m\u1ed7i l\u1ea7n 3-4 vi\u00ean.<\/p>\n<\/li>\n<li>\n<p class=\"preFade\" style=\"white-space: pre-wrap; transition-timing-function: ease; transition-duration: 1.5s; transition-delay: 0.230769s;\">Thu\u1ed1c t\u1ec5: Ng\u00e0y 2 l\u1ea7n, m\u1ed7i l\u1ea7n nhai 2 ho\u00e0n v\u1edbi n\u01b0\u1edbc \u1ea5m.<\/p>\n<\/li>\n<\/ul>\n<p class=\"preFade\" style=\"white-space: pre-wrap; transition-timing-function: ease; transition-duration: 1.5s; transition-delay: 0.24s;\"><strong>Ki\u00eang c\u1eef:<\/strong>&nbsp;H\u1ea1n ch\u1ebf khu\u00e2n v\u00e1c v\u1eadt n\u1eb7ng, \u0111\u1ee9ng l\u00e2u nhi\u1ec1u gi\u1edd, ph\u1ee5 n\u1eef mang gi\u00e0y cao g\u00f3t.<\/p>","protected":false},"excerpt":{"rendered":"<p>T\u00e1c d\u1ee5ng:&nbsp;C\u1ea3i thi\u1ec7n t\u00ecnh tr\u1ea1ng s\u1ee5n g\u00f3t t\u0103ng sinh do tho\u00e1i h\u00f3a, m\u1ecdc gai, gi\u00fap s\u1ee5n co l\u1ea1i kh\u00f4ng ch\u1ea1m v\u00e0o d\u00e2y th\u1ea7n kinh g\u00f3t ch\u00e2n, l\u00e0m gi\u1ea3m ho\u1eb7c h\u1ebft \u0111au th\u1ed1n g\u00f3t ch\u00e2n. Th\u00e0nh ph\u1ea7n:&nbsp;\u0110an s\u00e2m, Ho\u00e0ng k\u1ef3, Ng\u01b0u t\u1ea5t, Ty qua l\u1ea1c, T\u00f4 m\u1ed9c\u2026 C\u00e1ch d\u00f9ng:&nbsp; Thu\u1ed1c vi\u00ean: Ng\u00e0y u\u1ed1ng 3 l\u1ea7n, m\u1ed7i<\/p>","protected":false},"featured_media":1829,"comment_status":"closed","ping_status":"open","template":"","meta":[],"_links":{"self":[{"href":"https:\/\/the1011.com\/en\/wp-json\/wp\/v2\/product\/1891"}],"collection":[{"href":"https:\/\/the1011.com\/en\/wp-json\/wp\/v2\/product"}],"about":[{"href":"https:\/\/the1011.com\/en\/wp-json\/wp\/v2\/types\/product"}],"replies":[{"embeddable":true,"href":"https:\/\/the1011.com\/en\/wp-json\/wp\/v2\/comments?post=1891"}],"wp:featuredmedia":[{"embeddable":true,"href":"https:\/\/the1011.com\/en\/wp-json\/wp\/v2\/media\/1829"}],"wp:attachment":[{"href":"https:\/\/the1011.com\/en\/wp-json\/wp\/v2\/media?parent=1891"}],"curies":[{"name":"wp","href":"https:\/\/api.w.org\/{rel}","templated":true}]}}