{"id":1890,"date":"2024-08-05T16:28:14","date_gmt":"2024-08-05T09:28:14","guid":{"rendered":"https:\/\/the1011.com\/product\/ct-094-viem-dau-khop-goi-knee-osteoarthritis\/"},"modified":"2024-08-05T16:28:16","modified_gmt":"2024-08-05T09:28:16","slug":"ct-094-viem-dau-khop-goi-knee-osteoarthritis","status":"publish","type":"product","link":"https:\/\/the1011.com\/en\/product\/ct-094-viem-dau-khop-goi-knee-osteoarthritis\/","title":{"rendered":"CT.094 \u2013 VI\u00caM \u0110AU KH\u1edaP G\u1ed0I (KNEE OSTEOARTHRITIS)"},"content":{"rendered":"<p class=\"preFade\" style=\"white-space: pre-wrap; transition-timing-function: ease; transition-duration: 1.5s; transition-delay: 0.193846s;\"><strong>T\u00e1c d\u1ee5ng:<\/strong>&nbsp;Ch\u1ed1ng vi\u00eam kh\u1edbp g\u1ed1i, gi\u1ea3m \u0111au nh\u1ee9c, gi\u1ea3m s\u01b0ng, t\u1eebng b\u01b0\u1edbc ph\u1ee5c h\u1ed3i v\u00e0 duy tr\u00ec s\u1ee9c kh\u1ecfe x\u01b0\u01a1ng kh\u1edbp.<\/p>\n<p class=\"preFade\" style=\"white-space: pre-wrap; transition-timing-function: ease; transition-duration: 1.5s; transition-delay: 0.203077s;\"><strong>Th\u00e0nh ph\u1ea7n:<\/strong>&nbsp;\u0110an s\u00e2m, Ho\u00e0ng k\u1ef3, Ng\u01b0u t\u1ea5t, K\u00ea huy\u1ebft \u0111\u1eb1ng, T\u00f9ng chi\u2026<\/p>\n<p class=\"preFade\" style=\"white-space: pre-wrap; transition-timing-function: ease; transition-duration: 1.5s; transition-delay: 0.212308s;\"><strong>C\u00e1ch d\u00f9ng:<\/strong>&nbsp;<\/p>\n<ul data-rte-list=\"default\">\n<li>\n<p class=\"preFade\" style=\"white-space: pre-wrap; transition-timing-function: ease; transition-duration: 1.5s; transition-delay: 0.221538s;\">Thu\u1ed1c vi\u00ean: Ng\u00e0y u\u1ed1ng 3 l\u1ea7n, m\u1ed7i l\u1ea7n 3-4 vi\u00ean.<\/p>\n<\/li>\n<li>\n<p class=\"preFade\" style=\"white-space: pre-wrap; transition-timing-function: ease; transition-duration: 1.5s; transition-delay: 0.230769s;\">Thu\u1ed1c t\u1ec5: Ng\u00e0y 2 l\u1ea7n, m\u1ed7i l\u1ea7n nhai 2 ho\u00e0n v\u1edbi n\u01b0\u1edbc \u1ea5m.<\/p>\n<\/li>\n<\/ul>\n<p class=\"preFade\" style=\"white-space: pre-wrap; transition-timing-function: ease; transition-duration: 1.5s; transition-delay: 0.24s;\"><strong>Ki\u00eang c\u1eef:<\/strong>&nbsp;Ngu\u1ed3n ch\u1ea5t \u0111\u1ea1m c\u00f3 h\u00e0m l\u01b0\u1ee3ng Purine cao g\u1ed3m: th\u1ecbt b\u00f2, th\u1ecbt gia c\u1ea7m, gan, th\u1eadn, c\u00e1 ng\u1eeb, c\u00e1 \u0111u\u1ed1i, c\u00e1 m\u00f2i, \u0111\u1eadu, c\u00e0 ph\u00ea, m\u0103ng t\u00e2y, c\u00e0 t\u00edm\u2026<\/p>","protected":false},"excerpt":{"rendered":"<p>T\u00e1c d\u1ee5ng:&nbsp;Ch\u1ed1ng vi\u00eam kh\u1edbp g\u1ed1i, gi\u1ea3m \u0111au nh\u1ee9c, gi\u1ea3m s\u01b0ng, t\u1eebng b\u01b0\u1edbc ph\u1ee5c h\u1ed3i v\u00e0 duy tr\u00ec s\u1ee9c kh\u1ecfe x\u01b0\u01a1ng kh\u1edbp. Th\u00e0nh ph\u1ea7n:&nbsp;\u0110an s\u00e2m, Ho\u00e0ng k\u1ef3, Ng\u01b0u t\u1ea5t, K\u00ea huy\u1ebft \u0111\u1eb1ng, T\u00f9ng chi\u2026 C\u00e1ch d\u00f9ng:&nbsp; Thu\u1ed1c vi\u00ean: Ng\u00e0y u\u1ed1ng 3 l\u1ea7n, m\u1ed7i l\u1ea7n 3-4 vi\u00ean. Thu\u1ed1c t\u1ec5: Ng\u00e0y 2 l\u1ea7n, m\u1ed7i l\u1ea7n nhai 2 ho\u00e0n<\/p>","protected":false},"featured_media":1828,"comment_status":"closed","ping_status":"open","template":"","meta":[],"_links":{"self":[{"href":"https:\/\/the1011.com\/en\/wp-json\/wp\/v2\/product\/1890"}],"collection":[{"href":"https:\/\/the1011.com\/en\/wp-json\/wp\/v2\/product"}],"about":[{"href":"https:\/\/the1011.com\/en\/wp-json\/wp\/v2\/types\/product"}],"replies":[{"embeddable":true,"href":"https:\/\/the1011.com\/en\/wp-json\/wp\/v2\/comments?post=1890"}],"wp:featuredmedia":[{"embeddable":true,"href":"https:\/\/the1011.com\/en\/wp-json\/wp\/v2\/media\/1828"}],"wp:attachment":[{"href":"https:\/\/the1011.com\/en\/wp-json\/wp\/v2\/media?parent=1890"}],"curies":[{"name":"wp","href":"https:\/\/api.w.org\/{rel}","templated":true}]}}