{"id":1889,"date":"2024-08-05T16:28:14","date_gmt":"2024-08-05T09:28:14","guid":{"rendered":"https:\/\/the1011.com\/product\/ct-093-thong-phong-gut-gout\/"},"modified":"2024-08-05T16:28:15","modified_gmt":"2024-08-05T09:28:15","slug":"ct-093-thong-phong-gut-gout","status":"publish","type":"product","link":"https:\/\/the1011.com\/en\/product\/ct-093-thong-phong-gut-gout\/","title":{"rendered":"CT.093 \u2013 TH\u1ed0NG PHONG \/ G\u00daT (GOUT)"},"content":{"rendered":"<p class=\"preFade\" style=\"white-space: pre-wrap; transition-timing-function: ease; transition-duration: 1.5s; transition-delay: 0.193846s;\"><strong>T\u00e1c d\u1ee5ng:<\/strong>&nbsp;Kh\u00e1ng vi\u00eam, gi\u1ea3m s\u01b0ng \u0111au, t\u1ea9y \u0111\u1ed9c, ph\u1ee5c h\u1ed3i s\u1ee9c kh\u1ecfe x\u01b0\u01a1ng kh\u1edbp.<\/p>\n<p class=\"preFade\" style=\"white-space: pre-wrap; transition-timing-function: ease; transition-duration: 1.5s; transition-delay: 0.203077s;\"><strong>Th\u00e0nh ph\u1ea7n:<\/strong>&nbsp;Th\u01b0\u01a1ng tru\u1eadt, \u00dd d\u0129 nh\u00e2n, Tri m\u1eabu, Ho\u1ea1t th\u1ea1ch, Xa ti\u1ec1n t\u1eed, C\u00fac hoa\u2026<\/p>\n<p class=\"preFade\" style=\"white-space: pre-wrap; transition-timing-function: ease; transition-duration: 1.5s; transition-delay: 0.212308s;\"><strong>C\u00e1ch d\u00f9ng:<\/strong>&nbsp;<\/p>\n<ul data-rte-list=\"default\">\n<li>\n<p class=\"preFade\" style=\"white-space: pre-wrap; transition-timing-function: ease; transition-duration: 1.5s; transition-delay: 0.221538s;\">Thu\u1ed1c vi\u00ean: Ng\u00e0y u\u1ed1ng 3 l\u1ea7n, m\u1ed7i l\u1ea7n 3-4 vi\u00ean.<\/p>\n<\/li>\n<li>\n<p class=\"preFade\" style=\"white-space: pre-wrap; transition-timing-function: ease; transition-duration: 1.5s; transition-delay: 0.230769s;\">Thu\u1ed1c t\u1ec5: Ng\u00e0y 2-3 l\u1ea7n, m\u1ed7i l\u1ea7n nhai 1 ho\u00e0n v\u1edbi n\u01b0\u1edbc \u1ea5m.<\/p>\n<\/li>\n<\/ul>\n<p class=\"preFade\" style=\"white-space: pre-wrap; transition-timing-function: ease; transition-duration: 1.5s; transition-delay: 0.24s;\"><strong>Ki\u00eang c\u1eef:<\/strong>&nbsp;Th\u1ecbt b\u00f2, tr\u00e2u, d\u00ea, ng\u1ef1a, heo, g\u00e0, v\u1ecbt, chim c\u00fat, t\u00f4m, cua, m\u1ef1c, \u1ed1c, c\u00e1 ng\u1eeb, c\u00e1 m\u00f2i, c\u00e1 \u0111u\u1ed1i, l\u01b0\u01a1n, r\u00f9a, gan, l\u01b0\u1ee1i, th\u1eadn, l\u00f2ng, \u00f3c, tr\u1ee9ng, gia c\u1ea7m, \u0111\u1eadu H\u00f2a Lan, \u0111\u1eadu \u0111\u1ecf, \u0111\u1eadu xanh, \u0111\u1eadu tr\u1eafng, \u0111\u1eadu n\u00e0nh, m\u0103ng t\u00e2y, m\u0103ng tre, n\u1ea5m, gi\u00e1, b\u1ea1c h\u00e0, m\u00ec t\u00f4m, m\u1ee1, cheese, d\u1ea7u c\u1ecd, r\u01b0\u1ee3u bia, n\u01b0\u1edbc cam, chanh, caffein.<\/p>","protected":false},"excerpt":{"rendered":"<p>T\u00e1c d\u1ee5ng:&nbsp;Kh\u00e1ng vi\u00eam, gi\u1ea3m s\u01b0ng \u0111au, t\u1ea9y \u0111\u1ed9c, ph\u1ee5c h\u1ed3i s\u1ee9c kh\u1ecfe x\u01b0\u01a1ng kh\u1edbp. Th\u00e0nh ph\u1ea7n:&nbsp;Th\u01b0\u01a1ng tru\u1eadt, \u00dd d\u0129 nh\u00e2n, Tri m\u1eabu, Ho\u1ea1t th\u1ea1ch, Xa ti\u1ec1n t\u1eed, C\u00fac hoa\u2026 C\u00e1ch d\u00f9ng:&nbsp; Thu\u1ed1c vi\u00ean: Ng\u00e0y u\u1ed1ng 3 l\u1ea7n, m\u1ed7i l\u1ea7n 3-4 vi\u00ean. Thu\u1ed1c t\u1ec5: Ng\u00e0y 2-3 l\u1ea7n, m\u1ed7i l\u1ea7n nhai 1 ho\u00e0n v\u1edbi n\u01b0\u1edbc \u1ea5m. Ki\u00eang<\/p>","protected":false},"featured_media":1827,"comment_status":"closed","ping_status":"open","template":"","meta":[],"_links":{"self":[{"href":"https:\/\/the1011.com\/en\/wp-json\/wp\/v2\/product\/1889"}],"collection":[{"href":"https:\/\/the1011.com\/en\/wp-json\/wp\/v2\/product"}],"about":[{"href":"https:\/\/the1011.com\/en\/wp-json\/wp\/v2\/types\/product"}],"replies":[{"embeddable":true,"href":"https:\/\/the1011.com\/en\/wp-json\/wp\/v2\/comments?post=1889"}],"wp:featuredmedia":[{"embeddable":true,"href":"https:\/\/the1011.com\/en\/wp-json\/wp\/v2\/media\/1827"}],"wp:attachment":[{"href":"https:\/\/the1011.com\/en\/wp-json\/wp\/v2\/media?parent=1889"}],"curies":[{"name":"wp","href":"https:\/\/api.w.org\/{rel}","templated":true}]}}