{"id":1888,"date":"2024-08-05T16:28:14","date_gmt":"2024-08-05T09:28:14","guid":{"rendered":"https:\/\/the1011.com\/product\/ct-092-dau-co-vai-canh-tay-shoulder-spine-neuritis\/"},"modified":"2024-08-05T16:28:15","modified_gmt":"2024-08-05T09:28:15","slug":"ct-092-dau-co-vai-canh-tay-shoulder-spine-neuritis","status":"publish","type":"product","link":"https:\/\/the1011.com\/en\/product\/ct-092-dau-co-vai-canh-tay-shoulder-spine-neuritis\/","title":{"rendered":"CT.092 \u2013 \u0110AU C\u1ed4, VAI, C\u00c1NH TAY (SHOULDER SPINE NEURITIS)"},"content":{"rendered":"<p class=\"preFade\" style=\"white-space: pre-wrap; transition-timing-function: ease; transition-duration: 1.5s; transition-delay: 0.185294s;\"><strong>T\u00e1c d\u1ee5ng:<\/strong>&nbsp;C\u1ea3i thi\u1ec7n d\u00e2y th\u1ea7n kinh c\u1ed5, kh\u1edbp x\u01b0\u01a1ng c\u1ed5, \u0111\u0129a s\u1ee5n, kh\u1edbp vai, c\u01a1 b\u1ea3 vai, kh\u1edbp khu\u1ef7u tay, th\u1ea7n kinh c\u00e1nh tay, kh\u1edbp x\u01b0\u01a1ng b\u00e0n tay; gi\u00fap th\u00fac \u0111\u1ea9y m\u00e1u l\u01b0u th\u00f4ng, l\u00e0m d\u1ecbu \u0111au nh\u1ee9c, c\u1ee9ng c\u01a1, c\u1ee9ng kh\u1edbp, t\u00ea r\u1ea7n m\u1ea5t c\u1ea3m gi\u00e1c.<\/p>\n<p class=\"preFade\" style=\"white-space: pre-wrap; transition-timing-function: ease; transition-duration: 1.5s; transition-delay: 0.194118s;\"><strong>Th\u00e0nh ph\u1ea7n:<\/strong>&nbsp;Ho\u00e0ng k\u1ef3, Kh\u01b0\u01a1ng ho\u00e0ng, Kh\u01b0\u01a1ng ho\u1ea1t, \u0110\u01b0\u01a1ng qui, \u0110\u1ed9c ho\u1ea1t, C\u00e1t c\u0103n\u2026<\/p>\n<p class=\"preFade\" style=\"white-space: pre-wrap; transition-timing-function: ease; transition-duration: 1.5s; transition-delay: 0.202941s;\"><strong>C\u00e1ch d\u00f9ng:<\/strong>&nbsp;<\/p>\n<ul data-rte-list=\"default\">\n<li>\n<p class=\"preFade\" style=\"white-space: pre-wrap; transition-timing-function: ease; transition-duration: 1.5s; transition-delay: 0.211765s;\">Thu\u1ed1c vi\u00ean: Ng\u00e0y u\u1ed1ng 3 l\u1ea7n, m\u1ed7i l\u1ea7n 3-4 vi\u00ean.<\/p>\n<\/li>\n<li>\n<p class=\"preFade\" style=\"white-space: pre-wrap; transition-timing-function: ease; transition-duration: 1.5s; transition-delay: 0.220588s;\">Thu\u1ed1c n\u01b0\u1edbc: Ng\u00e0y 3 l\u1ea7n, m\u1ed7i l\u1ea7n 1 cup (2oz).<\/p>\n<\/li>\n<li>\n<p class=\"preFade\" style=\"white-space: pre-wrap; transition-timing-function: ease; transition-duration: 1.5s; transition-delay: 0.229412s;\">Thu\u1ed1c t\u1ec5: Ng\u00e0y 2 l\u1ea7n, m\u1ed7i l\u1ea7n nhai 2 ho\u00e0n v\u1edbi n\u01b0\u1edbc \u1ea5m.<\/p>\n<\/li>\n<\/ul>\n<p class=\"preFade\" style=\"white-space: pre-wrap; transition-timing-function: ease; transition-duration: 1.5s; transition-delay: 0.238235s;\"><strong>Ki\u00eang c\u1eef:<\/strong>&nbsp;Ngu\u1ed3n \u0111\u1ea1m ch\u1ee9a h\u00e0m l\u01b0\u1ee3ng purine cao nh\u01b0 th\u1ecbt b\u00f2, th\u1ecbt gia c\u1ea7m, gan, th\u1eadn, c\u00e1 ng\u1eeb, c\u00e1 \u0111u\u1ed1i, c\u00e1 m\u00f2i, \u0111\u1eadu H\u00f2a Lan,<br \/>caffein, m\u0103ng t\u00e2y, c\u00e0 t\u00edm\u2026N\u00ean u\u1ed1ng \u0111\u1ee7 n\u01b0\u1edbc.<\/p>","protected":false},"excerpt":{"rendered":"<p>T\u00e1c d\u1ee5ng:&nbsp;C\u1ea3i thi\u1ec7n d\u00e2y th\u1ea7n kinh c\u1ed5, kh\u1edbp x\u01b0\u01a1ng c\u1ed5, \u0111\u0129a s\u1ee5n, kh\u1edbp vai, c\u01a1 b\u1ea3 vai, kh\u1edbp khu\u1ef7u tay, th\u1ea7n kinh c\u00e1nh tay, kh\u1edbp x\u01b0\u01a1ng b\u00e0n tay; gi\u00fap th\u00fac \u0111\u1ea9y m\u00e1u l\u01b0u th\u00f4ng, l\u00e0m d\u1ecbu \u0111au nh\u1ee9c, c\u1ee9ng c\u01a1, c\u1ee9ng kh\u1edbp, t\u00ea r\u1ea7n m\u1ea5t c\u1ea3m gi\u00e1c. Th\u00e0nh ph\u1ea7n:&nbsp;Ho\u00e0ng k\u1ef3, Kh\u01b0\u01a1ng ho\u00e0ng, Kh\u01b0\u01a1ng ho\u1ea1t, \u0110\u01b0\u01a1ng<\/p>","protected":false},"featured_media":1826,"comment_status":"closed","ping_status":"open","template":"","meta":[],"_links":{"self":[{"href":"https:\/\/the1011.com\/en\/wp-json\/wp\/v2\/product\/1888"}],"collection":[{"href":"https:\/\/the1011.com\/en\/wp-json\/wp\/v2\/product"}],"about":[{"href":"https:\/\/the1011.com\/en\/wp-json\/wp\/v2\/types\/product"}],"replies":[{"embeddable":true,"href":"https:\/\/the1011.com\/en\/wp-json\/wp\/v2\/comments?post=1888"}],"wp:featuredmedia":[{"embeddable":true,"href":"https:\/\/the1011.com\/en\/wp-json\/wp\/v2\/media\/1826"}],"wp:attachment":[{"href":"https:\/\/the1011.com\/en\/wp-json\/wp\/v2\/media?parent=1888"}],"curies":[{"name":"wp","href":"https:\/\/api.w.org\/{rel}","templated":true}]}}