{"id":1887,"date":"2024-08-05T16:28:14","date_gmt":"2024-08-05T09:28:14","guid":{"rendered":"https:\/\/the1011.com\/product\/ct-091-dau-co-xo-hoa-viem-khop-thap-khop-fibromyalgia-rheumatoid-arthritis\/"},"modified":"2024-08-05T16:28:15","modified_gmt":"2024-08-05T09:28:15","slug":"ct-091-dau-co-xo-hoa-viem-khop-thap-khop-fibromyalgia-rheumatoid-arthritis","status":"publish","type":"product","link":"https:\/\/the1011.com\/en\/product\/ct-091-dau-co-xo-hoa-viem-khop-thap-khop-fibromyalgia-rheumatoid-arthritis\/","title":{"rendered":"CT.091 \u2013 \u0110AU C\u01a0 X\u01a0 H\u00d3A, VI\u00caM KH\u1edaP, TH\u1ea4P KH\u1edaP (FIBROMYALGIA, RHEUMATOID ARTHRITIS)"},"content":{"rendered":"<p class=\"preFade\" style=\"white-space: pre-wrap; transition-timing-function: ease; transition-duration: 1.5s; transition-delay: 0.193846s;\"><strong>T\u00e1c d\u1ee5ng:<\/strong>&nbsp;B\u1ed5 kh\u00ed huy\u1ebft, th\u00fac \u0111\u1ea9y m\u00e1u l\u01b0u th\u00f4ng th\u1ea5u su\u1ed1t kh\u1eafp c\u01a1 th\u1ec3, c\u1ea3i thi\u1ec7n ch\u1ee9ng c\u1ee9ng c\u01a1, c\u1ee9ng kh\u1edbp, co du\u1ed7i kh\u00f3 kh\u0103n, \u0111au nh\u1ee9c, t\u00ea r\u1ea7n m\u1ea5t c\u1ea3m gi\u00e1c.<\/p>\n<p class=\"preFade\" style=\"white-space: pre-wrap; transition-timing-function: ease; transition-duration: 1.5s; transition-delay: 0.203077s;\"><strong>Th\u00e0nh ph\u1ea7n:<\/strong>&nbsp;Ho\u00e0ng k\u1ef3, X\u00edch th\u01b0\u1ee3c, \u0110\u01b0\u01a1ng qui, T\u1ea7n giao, M\u1ed9c qua, Kh\u01b0\u01a1ng ho\u1ea1t, \u0110\u1ed9c ho\u1ea1t\u2026<\/p>\n<p class=\"preFade\" style=\"white-space: pre-wrap; transition-timing-function: ease; transition-duration: 1.5s; transition-delay: 0.212308s;\"><strong>C\u00e1ch d\u00f9ng:<\/strong>&nbsp;<\/p>\n<ul data-rte-list=\"default\">\n<li>\n<p class=\"preFade\" style=\"white-space: pre-wrap; transition-timing-function: ease; transition-duration: 1.5s; transition-delay: 0.221538s;\">Thu\u1ed1c vi\u00ean: Ng\u00e0y u\u1ed1ng 3 l\u1ea7n, m\u1ed7i l\u1ea7n 3-4 vi\u00ean.<\/p>\n<\/li>\n<li>\n<p class=\"preFade\" style=\"white-space: pre-wrap; transition-timing-function: ease; transition-duration: 1.5s; transition-delay: 0.230769s;\">Thu\u1ed1c t\u1ec5: Ng\u00e0y 2 l\u1ea7n, m\u1ed7i l\u1ea7n nhai 2 ho\u00e0n v\u1edbi n\u01b0\u1edbc \u1ea5m.<\/p>\n<\/li>\n<\/ul>\n<p class=\"preFade\" style=\"white-space: pre-wrap; transition-timing-function: ease; transition-duration: 1.5s; transition-delay: 0.24s;\"><strong>Ki\u00eang c\u1eef:<\/strong>&nbsp;Luy\u1ec7n t\u1eadp c\u01a1 b\u1eafp ho\u1eb7c lao \u0111\u1ed9ng tay ch\u00e2n qu\u00e1 ng\u01b0\u1ee1ng ch\u1ecbu \u0111\u1ef1ng (c\u1eed t\u1ea1, nh\u1ed3i b\u1ed9t, ngh\u1ec1 may, ngh\u1ec1 nails), ng\u1ed3i l\u00e2u v\u1edbi<br \/>m\u1ed9t t\u01b0 th\u1ebf, t\u1eafm n\u01b0\u1edbc l\u1ea1nh, g\u1eb7p th\u1eddi ti\u1ebft l\u1ea1nh\u2026<\/p>","protected":false},"excerpt":{"rendered":"<p>T\u00e1c d\u1ee5ng:&nbsp;B\u1ed5 kh\u00ed huy\u1ebft, th\u00fac \u0111\u1ea9y m\u00e1u l\u01b0u th\u00f4ng th\u1ea5u su\u1ed1t kh\u1eafp c\u01a1 th\u1ec3, c\u1ea3i thi\u1ec7n ch\u1ee9ng c\u1ee9ng c\u01a1, c\u1ee9ng kh\u1edbp, co du\u1ed7i kh\u00f3 kh\u0103n, \u0111au nh\u1ee9c, t\u00ea r\u1ea7n m\u1ea5t c\u1ea3m gi\u00e1c. Th\u00e0nh ph\u1ea7n:&nbsp;Ho\u00e0ng k\u1ef3, X\u00edch th\u01b0\u1ee3c, \u0110\u01b0\u01a1ng qui, T\u1ea7n giao, M\u1ed9c qua, Kh\u01b0\u01a1ng ho\u1ea1t, \u0110\u1ed9c ho\u1ea1t\u2026 C\u00e1ch d\u00f9ng:&nbsp; Thu\u1ed1c vi\u00ean: Ng\u00e0y u\u1ed1ng 3 l\u1ea7n,<\/p>","protected":false},"featured_media":1825,"comment_status":"closed","ping_status":"open","template":"","meta":[],"_links":{"self":[{"href":"https:\/\/the1011.com\/en\/wp-json\/wp\/v2\/product\/1887"}],"collection":[{"href":"https:\/\/the1011.com\/en\/wp-json\/wp\/v2\/product"}],"about":[{"href":"https:\/\/the1011.com\/en\/wp-json\/wp\/v2\/types\/product"}],"replies":[{"embeddable":true,"href":"https:\/\/the1011.com\/en\/wp-json\/wp\/v2\/comments?post=1887"}],"wp:featuredmedia":[{"embeddable":true,"href":"https:\/\/the1011.com\/en\/wp-json\/wp\/v2\/media\/1825"}],"wp:attachment":[{"href":"https:\/\/the1011.com\/en\/wp-json\/wp\/v2\/media?parent=1887"}],"curies":[{"name":"wp","href":"https:\/\/api.w.org\/{rel}","templated":true}]}}