{"id":1886,"date":"2024-08-05T16:28:14","date_gmt":"2024-08-05T09:28:14","guid":{"rendered":"https:\/\/the1011.com\/product\/ct-090-ms-als-gbs-diseases\/"},"modified":"2024-08-05T16:28:15","modified_gmt":"2024-08-05T09:28:15","slug":"ct-090-ms-als-gbs-diseases","status":"publish","type":"product","link":"https:\/\/the1011.com\/en\/product\/ct-090-ms-als-gbs-diseases\/","title":{"rendered":"CT.090 &#8211; MS, ALS, GBS DISEASES"},"content":{"rendered":"<p class=\"preFade\" style=\"white-space: pre-wrap; transition-timing-function: ease; transition-duration: 1.5s; transition-delay: 0.196721s;\">-\u0110\u00f4ng Y H\u1ecdc x\u1ebfp b\u1ec7nh MS v\u00e0 ALS v\u00e0o ch\u1ee9ng \u201c\u00c2m h\u01b0 D\u01b0\u01a1ng v\u01b0\u1ee3ng, Phong \u0110\u00e0m ng\u0103n tr\u1edf L\u1ea1c m\u1ea1ch\u201d.<\/p>\n<p class=\"preFade\" style=\"white-space: pre-wrap; transition-timing-function: ease; transition-duration: 1.5s; transition-delay: 0.206557s;\">-Ri\u00eang C\u00f4ng Ty CANH THIEN HERBS c\u00f3 b\u00e0i thu\u1ed1c kinh nghi\u1ec7m mang k\u00fd hi\u1ec7u CT.090 do \u0110\u00f4ng Y S\u0129 C\u1ea3nh Thi\u00ean b\u00e0o ch\u1ebf, gi\u00fap c\u1ea3i thi\u1ec7n hi\u1ec7u qu\u1ea3 c\u1ea3 2 ch\u1ee9ng b\u1ec7nh ALS &amp; MS trong th\u1eddi gian ng\u1eafn.<strong>T\u00e1c d\u1ee5ng:<\/strong> Gi\u00fap c\u1ea3i thi\u1ec7n ch\u1ee9c n\u0103ng c\u1ee7a d\u00e2y th\u1ea7n kinh n\u00e3o, d\u00e2y th\u1ea7n kinh c\u1ed9t s\u1ed1ng, d\u00e2y th\u1ea7n kinh ngo\u1ea1i bi\u00ean ho\u1eb7c m\u00e0ng Myelin b\u1ecb t\u1ed5n th\u01b0\u01a1ng do b\u1ec7nh \u0111a x\u01a1 c\u1ee9ng (MS), H\u1ed9i ch\u1ee9ng x\u01a1 c\u1ee9ng teo c\u01a1 m\u1ed9t b\u00ean (ALS), H\u1ed9i ch\u1ee9ng Guillain-Barr\u00e9 (GBS). Ph\u1ee5c h\u1ed3i sau h\u1ed9i ch\u1ee9ng \u0111au c\u01a1, t\u00ea, c\u1ee9ng kh\u1edbp, n\u00f3i ng\u1ecdng, kh\u00f3 nu\u1ed1t, m\u1edd m\u1eaft, ti\u1ec3u r\u1eaft<\/p>\n<p class=\"preFade\" style=\"white-space: pre-wrap; transition-timing-function: ease; transition-duration: 1.5s; transition-delay: 0.216393s;\"><strong>C\u00e1ch d\u00f9ng:<\/strong> <\/p>\n<ul data-rte-list=\"default\">\n<li>\n<p class=\"preFade\" style=\"white-space: pre-wrap; transition-timing-function: ease; transition-duration: 1.5s; transition-delay: 0.22623s;\"> Thu\u1ed1c vi\u00ean: Ng\u00e0y 3 l\u1ea7n, m\u1ed7i l\u1ea7n 4-5 vi\u00ean. Tr\u01b0\u1edbc ho\u1eb7c sau ba b\u1eefa \u0103n 30p.<\/p>\n<\/li>\n<li>\n<p class=\"preFade\" style=\"white-space: pre-wrap; transition-timing-function: ease; transition-duration: 1.5s; transition-delay: 0.236066s;\"> Thu\u1ed1c n\u01b0\u1edbc: Ng\u00e0y 3 l\u1ea7n, m\u1ed7i l\u1ea7n u\u1ed1ng 2-3 tablespoons. Tr\u01b0\u1edbc ho\u1eb7c sau ba b\u1eefa \u0103n 30p.<\/p>\n<\/li>\n<\/ul>","protected":false},"excerpt":{"rendered":"<p>-\u0110\u00f4ng Y H\u1ecdc x\u1ebfp b\u1ec7nh MS v\u00e0 ALS v\u00e0o ch\u1ee9ng \u201c\u00c2m h\u01b0 D\u01b0\u01a1ng v\u01b0\u1ee3ng, Phong \u0110\u00e0m ng\u0103n tr\u1edf L\u1ea1c m\u1ea1ch\u201d. -Ri\u00eang C\u00f4ng Ty CANH THIEN HERBS c\u00f3 b\u00e0i thu\u1ed1c kinh nghi\u1ec7m mang k\u00fd hi\u1ec7u CT.090 do \u0110\u00f4ng Y S\u0129 C\u1ea3nh Thi\u00ean b\u00e0o ch\u1ebf, gi\u00fap c\u1ea3i thi\u1ec7n hi\u1ec7u qu\u1ea3 c\u1ea3 2 ch\u1ee9ng b\u1ec7nh ALS &amp; MS<\/p>","protected":false},"featured_media":1877,"comment_status":"closed","ping_status":"open","template":"","meta":[],"_links":{"self":[{"href":"https:\/\/the1011.com\/en\/wp-json\/wp\/v2\/product\/1886"}],"collection":[{"href":"https:\/\/the1011.com\/en\/wp-json\/wp\/v2\/product"}],"about":[{"href":"https:\/\/the1011.com\/en\/wp-json\/wp\/v2\/types\/product"}],"replies":[{"embeddable":true,"href":"https:\/\/the1011.com\/en\/wp-json\/wp\/v2\/comments?post=1886"}],"wp:featuredmedia":[{"embeddable":true,"href":"https:\/\/the1011.com\/en\/wp-json\/wp\/v2\/media\/1877"}],"wp:attachment":[{"href":"https:\/\/the1011.com\/en\/wp-json\/wp\/v2\/media?parent=1886"}],"curies":[{"name":"wp","href":"https:\/\/api.w.org\/{rel}","templated":true}]}}