{"id":1885,"date":"2024-08-05T16:28:14","date_gmt":"2024-08-05T09:28:14","guid":{"rendered":"https:\/\/the1011.com\/product\/ct-060-dau-than-kinh-toa-sciatic-nerve-pain\/"},"modified":"2024-08-05T16:28:15","modified_gmt":"2024-08-05T09:28:15","slug":"ct-060-dau-than-kinh-toa-sciatic-nerve-pain","status":"publish","type":"product","link":"https:\/\/the1011.com\/en\/product\/ct-060-dau-than-kinh-toa-sciatic-nerve-pain\/","title":{"rendered":"CT.060 \u2013 \u0110AU TH\u1ea6N KINH T\u1eccA (SCIATIC NERVE PAIN)"},"content":{"rendered":"<p class=\"preFade\" style=\"white-space: pre-wrap; transition-timing-function: ease; transition-duration: 1.5s; transition-delay: 0.177465s;\"><strong>T\u00e1c d\u1ee5ng:<\/strong> T\u0103ng c\u01b0\u1eddng kh\u00ed huy\u1ebft, c\u1ea3i thi\u1ec7n c\u00e1c t\u00e1c nh\u00e2n: Sa \u0111\u0129a gian \u0111\u1ed1t s\u1ed1ng, l\u1ed3i \u0111\u0129a \u0111\u1ec7m, \u0111\u1ed1t s\u1ed1ngl\u01b0ng m\u1ecdc gai, m\u00f2n s\u1ee5n kh\u1edbp g\u00e2y ch\u00e8n \u00e9p d\u00e2y th\u1ea7n kinh h\u00f4ng (th\u1ea7n kinh t\u1ecda), l\u00e0m \u0111au l\u01b0ng, \u0111auh\u00f4ng, \u0111au t\u1ecda c\u1ed1t, \u0111au lan xu\u1ed1ng \u0111\u00f9i, ch\u00e2n, t\u00ea ch\u00e2n, teo c\u01a1 c\u1eb3ng th\u00e2n, \u0111i \u0111\u1ee9ng kh\u00f4ng v\u1eefng, g\u1eb7p th\u1edditi\u1ebft l\u1ea1nh c\u00e0ng \u0111au, ng\u00e0y c\u00e0ng tr\u1ea7m tr\u1ecdng h\u01a1n.<\/p>\n<p class=\"preFade\" style=\"white-space: pre-wrap; transition-timing-function: ease; transition-duration: 1.5s; transition-delay: 0.185915s;\"><strong>Th\u00e0nh ph\u1ea7n:<\/strong> Nh\u00e2n s\u00e2m, S\u01a1n d\u01b0\u1ee3c, Ba k\u00edch nh\u1ee5c, Ph\u00fac b\u1ed3n t\u1eed, Ng\u0169 v\u1ecb t\u1eed, Ti\u00ean linh t\u1ef3, X\u00e0 s\u00e0ng t\u1eed\u2026<\/p>\n<p class=\"preFade\" style=\"white-space: pre-wrap; transition-timing-function: ease; transition-duration: 1.5s; transition-delay: 0.194366s;\"><strong>C\u00e1ch d\u00f9ng:<\/strong> <\/p>\n<ul data-rte-list=\"default\">\n<li>\n<p class=\"preFade\" style=\"white-space: pre-wrap; transition-timing-function: ease; transition-duration: 1.5s; transition-delay: 0.202817s;\">Thu\u1ed1c vi\u00ean: Ng\u00e0y u\u1ed1ng 3 l\u1ea7n, m\u1ed7i l\u1ea7n 3-4 vi\u00ean li\u00ean ti\u1ebfp 30-60 ng\u00e0y l\u00e0 m\u1ed9t li\u1ec7u tr\u00ecnh c\u1ea3i thi\u1ec7n v\u00e0 ph\u1ee5c h\u1ed3i th\u1ea7n kinh t\u1ecda.<\/p>\n<\/li>\n<li>\n<p class=\"preFade\" style=\"white-space: pre-wrap; transition-timing-function: ease; transition-duration: 1.5s; transition-delay: 0.211268s;\">Thu\u1ed1c n\u01b0\u1edbc: Ng\u00e0y 3 l\u1ea7n, m\u1ed7i l\u1ea7n 1 cup (2oz).<\/p>\n<\/li>\n<li>\n<p class=\"preFade\" style=\"white-space: pre-wrap; transition-timing-function: ease; transition-duration: 1.5s; transition-delay: 0.219718s;\">Thu\u1ed1c t\u1ec5: Ng\u00e0y 2 l\u1ea7n, m\u1ed7i l\u1ea7n nhai 2 ho\u00e0n v\u1edbi n\u01b0\u1edbc \u1ea5m.<\/p>\n<\/li>\n<\/ul>\n<p class=\"preFade\" style=\"white-space: pre-wrap; transition-timing-function: ease; transition-duration: 1.5s; transition-delay: 0.228169s;\"><strong>Ki\u00eang c\u1eef:<\/strong> Kh\u00f4ng \u0103n, ho\u1eb7c h\u1ea1n ch\u1ebf t\u1ed1i \u0111a th\u1ecbt b\u00f2, th\u1ecbt v\u1ecbt, ng\u1ed7ng, b\u1ed3 c\u00e2u, chim c\u00fat, c\u00e1 ng\u1eeb, c\u00e1 \u0111u\u1ed1i, r\u00f4 phi, h\u1ea3i s\u1ea3n (t\u00f4m, cua, m\u1ef1c,\u1ed1c), m\u1eafm n\u00eam, c\u00e0 ph\u00e1o, c\u00e0 t\u00edm, m\u0103ng t\u00e2y\u2026<\/p>\n<p class=\"preFade\" style=\"white-space: pre-wrap; transition-timing-function: ease; transition-duration: 1.5s; transition-delay: 0.23662s;\"><\/p>","protected":false},"excerpt":{"rendered":"<p>T\u00e1c d\u1ee5ng: T\u0103ng c\u01b0\u1eddng kh\u00ed huy\u1ebft, c\u1ea3i thi\u1ec7n c\u00e1c t\u00e1c nh\u00e2n: Sa \u0111\u0129a gian \u0111\u1ed1t s\u1ed1ng, l\u1ed3i \u0111\u0129a \u0111\u1ec7m, \u0111\u1ed1t s\u1ed1ngl\u01b0ng m\u1ecdc gai, m\u00f2n s\u1ee5n kh\u1edbp g\u00e2y ch\u00e8n \u00e9p d\u00e2y th\u1ea7n kinh h\u00f4ng (th\u1ea7n kinh t\u1ecda), l\u00e0m \u0111au l\u01b0ng, \u0111auh\u00f4ng, \u0111au t\u1ecda c\u1ed1t, \u0111au lan xu\u1ed1ng \u0111\u00f9i, ch\u00e2n, t\u00ea ch\u00e2n, teo c\u01a1 c\u1eb3ng th\u00e2n, \u0111i<\/p>","protected":false},"featured_media":1808,"comment_status":"closed","ping_status":"open","template":"","meta":[],"_links":{"self":[{"href":"https:\/\/the1011.com\/en\/wp-json\/wp\/v2\/product\/1885"}],"collection":[{"href":"https:\/\/the1011.com\/en\/wp-json\/wp\/v2\/product"}],"about":[{"href":"https:\/\/the1011.com\/en\/wp-json\/wp\/v2\/types\/product"}],"replies":[{"embeddable":true,"href":"https:\/\/the1011.com\/en\/wp-json\/wp\/v2\/comments?post=1885"}],"wp:featuredmedia":[{"embeddable":true,"href":"https:\/\/the1011.com\/en\/wp-json\/wp\/v2\/media\/1808"}],"wp:attachment":[{"href":"https:\/\/the1011.com\/en\/wp-json\/wp\/v2\/media?parent=1885"}],"curies":[{"name":"wp","href":"https:\/\/api.w.org\/{rel}","templated":true}]}}