{"id":1884,"date":"2024-08-05T16:28:14","date_gmt":"2024-08-05T09:28:14","guid":{"rendered":"https:\/\/the1011.com\/product\/ct-026-chung-benh-3-cao-1-thap-cao-mau-mo-duong-thap-khop-4-in-1-hypertension-high-cholesterol-diabetes-arthritis\/"},"modified":"2024-08-05T16:28:15","modified_gmt":"2024-08-05T09:28:15","slug":"ct-026-chung-benh-3-cao-1-thap-cao-mau-mo-duong-thap-khop-4-in-1-hypertension-high-cholesterol-diabetes-arthritis","status":"publish","type":"product","link":"https:\/\/the1011.com\/en\/product\/ct-026-chung-benh-3-cao-1-thap-cao-mau-mo-duong-thap-khop-4-in-1-hypertension-high-cholesterol-diabetes-arthritis\/","title":{"rendered":"CT.026 CH\u1ee8NG B\u1ec6NH 3 CAO 1 TH\u1ea4P (CAO M\u00c1U, M\u1ee0, \u0110\u01af\u1edcNG, TH\u1ea4P KH\u1edaP) &#8211; 4 IN 1 (HYPERTENSION, HIGH CHOLESTEROL, DIABETES, ARTHRITIS)"},"content":{"rendered":"<p class=\"preFade\" style=\"white-space: pre-wrap; transition-timing-function: ease; transition-duration: 1.5s; transition-delay: 0.25s;\"><strong>T\u00e1c d\u1ee5ng:<\/strong> C\u1ea3i thi\u1ec7n 4 ch\u1ee9ng b\u1ec7nh m\u00e0 \u0111a s\u1ed1 ng\u01b0\u1eddi l\u1edbn t\u1eeb 50 tu\u1ed5i tr\u1edf l\u00ean th\u01b0\u1eddng m\u1eafc ph\u1ea3i c\u00f9ng m\u1ed9t l\u00fac g\u1ed3m: cao m\u00e1u hay cao huy\u1ebft \u00e1p (hypertension) , cao m\u1ee1 hay cao cholesterol, cao \u0111\u01b0\u1eddng hay \u0111\u01b0\u1eddng trong m\u00e1u (diabetes) t\u0103ng cao, c\u00f2n th\u1ea5p t\u1ee9c b\u1ec7nh Phong th\u1ea5p hay vi\u00eam kh\u1edbp (arthritis).<\/p>\n<p><strong>C\u00e1ch d\u00f9ng:<\/strong> Ng\u00e0y 3 l\u1ea7n, m\u1ed7i l\u1ea7n 3-4 vi\u00ean. U\u1ed1ng tr\u01b0\u1edbc ho\u1eb7c sau b\u1eefa \u0103n 30p.<\/p>","protected":false},"excerpt":{"rendered":"<p>T\u00e1c d\u1ee5ng: C\u1ea3i thi\u1ec7n 4 ch\u1ee9ng b\u1ec7nh m\u00e0 \u0111a s\u1ed1 ng\u01b0\u1eddi l\u1edbn t\u1eeb 50 tu\u1ed5i tr\u1edf l\u00ean th\u01b0\u1eddng m\u1eafc ph\u1ea3i c\u00f9ng m\u1ed9t l\u00fac g\u1ed3m: cao m\u00e1u hay cao huy\u1ebft \u00e1p (hypertension) , cao m\u1ee1 hay cao cholesterol, cao \u0111\u01b0\u1eddng hay \u0111\u01b0\u1eddng trong m\u00e1u (diabetes) t\u0103ng cao, c\u00f2n th\u1ea5p t\u1ee9c b\u1ec7nh Phong th\u1ea5p hay vi\u00eam kh\u1edbp<\/p>","protected":false},"featured_media":1780,"comment_status":"closed","ping_status":"open","template":"","meta":[],"_links":{"self":[{"href":"https:\/\/the1011.com\/en\/wp-json\/wp\/v2\/product\/1884"}],"collection":[{"href":"https:\/\/the1011.com\/en\/wp-json\/wp\/v2\/product"}],"about":[{"href":"https:\/\/the1011.com\/en\/wp-json\/wp\/v2\/types\/product"}],"replies":[{"embeddable":true,"href":"https:\/\/the1011.com\/en\/wp-json\/wp\/v2\/comments?post=1884"}],"wp:featuredmedia":[{"embeddable":true,"href":"https:\/\/the1011.com\/en\/wp-json\/wp\/v2\/media\/1780"}],"wp:attachment":[{"href":"https:\/\/the1011.com\/en\/wp-json\/wp\/v2\/media?parent=1884"}],"curies":[{"name":"wp","href":"https:\/\/api.w.org\/{rel}","templated":true}]}}