{"id":1883,"date":"2024-08-05T16:28:14","date_gmt":"2024-08-05T09:28:14","guid":{"rendered":"https:\/\/the1011.com\/product\/combo-1-thang-thuoc-tri-dau-vai-co-te-canh-tay-ban-tay\/"},"modified":"2024-08-05T16:28:14","modified_gmt":"2024-08-05T09:28:14","slug":"combo-1-thang-thuoc-tri-dau-vai-co-te-canh-tay-ban-tay","status":"publish","type":"product","link":"https:\/\/the1011.com\/en\/product\/combo-1-thang-thuoc-tri-dau-vai-co-te-canh-tay-ban-tay\/","title":{"rendered":"COMBO 1 TH\u00c1NG THU\u1ed0C TR\u1eca \u0110AU VAI C\u1ed4, T\u00ca C\u00c1NH TAY, B\u00c0N TAY"},"content":{"rendered":"<p class=\"sqsrte-large preFade\" style=\"white-space: pre-wrap; transition-timing-function: ease; transition-duration: 1.5s; transition-delay: 0.217241s;\">T\u00f9y theo b\u1ec7nh tr\u1ea1ng m\u00e0 ch\u1ecdn li\u1ec1u. N\u1ebfu m\u1edbi b\u1ecb v\u00e0i th\u00e1ng c\u00f3 th\u1ec3 d\u00f9ng li\u1ec1u c\u01a1 b\u1ea3n, u\u1ed1ng 1-2 li\u1ec1u s\u1ebd c\u1ea3i thi\u1ec7n tri\u1ec7u ch\u1ee9ng l\u00ean \u0111\u1ebfn 80%. B\u1ec7nh do ngh\u1ec1 nghi\u1ec7p, l\u00e2u n\u0103m n\u00ean d\u00f9ng li\u1ec1u m\u1ea1nh, d\u00f9ng h\u1ebft 1 li\u1ec1u c\u00f3 th\u1ec3 t\u1ef1 theo d\u00f5i \u0111\u1ec3 bi\u1ebft ch\u1eebng u\u1ed1ng th\u00eam, ho\u1eb7c g\u1ecdi v\u00e0o C\u00f4ng Ty \u0111\u1ec3 xin \u00fd ki\u1ebfn \u0110\u00f4ng Y S\u1ef9.<\/p>\n<p class=\"sqsrte-large preFade\" style=\"white-space: pre-wrap; transition-timing-function: ease; transition-duration: 1.5s; transition-delay: 0.227586s;\"><strong>Li\u1ec1u c\u01a1 b\u1ea3n<\/strong> bao g\u1ed3m <strong>3 l\u1ecd CT.092 + 3 l\u1ecd CT.161<\/strong><\/p>\n<p class=\"sqsrte-large preFade\" style=\"white-space: pre-wrap; transition-timing-function: ease; transition-duration: 1.5s; transition-delay: 0.237931s;\"><strong>Li\u1ec1u m\u1ea1nh<\/strong> bao g\u1ed3m <strong>4 l\u1ecd CT.092 + 4 l\u1ecd CT.161<\/strong><\/p>\n<p class=\"sqsrte-large preFade\" style=\"white-space: pre-wrap; transition-timing-function: ease; transition-duration: 1.5s; transition-delay: 0.248276s;\"><strong>CT.092<\/strong> Ph\u1ee5c h\u1ed3i v\u00e0 c\u1ea3i thi\u1ec7n d\u00e2y th\u1ea7n kinh c\u1ed5, kh\u1edbp x\u01b0\u01a1ng c\u1ed5, \u0111\u0129a s\u1ee5n, kh\u1edbp vai, c\u01a1 b\u1ea3 vai, kh\u1edbp khu\u1ef7u tay, th\u1ea7n kinh c\u00e1nh tay, kh\u1edbp x\u01b0\u01a1ng b\u00e0n tay. Tr\u1ecb c\u00e1c ch\u1ee9ng \u0111au \u0111\u1ed1t s\u1ed1ng c\u1ed5 lan l\u00ean n\u1eeda \u0111\u1ea7u, lan xu\u1ed1ng c\u00e1nh tay.<\/p>\n<p><strong>CT.161<\/strong> Th\u00f4ng \u0111\u1ea3 kinh m\u1ea1ch, m\u00e1u huy\u1ebft l\u01b0u th\u00f4ng, b\u1ed5 kh\u00ed huy\u1ebft, t\u0103ng l\u1ef1c. Tr\u1ecb c\u00e1c ch\u1ee9ng t\u00ea r\u1ea7n, m\u1ea5t c\u1ea3m gi\u00e1c t\u1eeb vai k\u00e9o xu\u1ed1ng c\u00e1nh tay, b\u00e0n tay. T\u1eeb \u0111\u00f3 ph\u1ee5c h\u1ed3i s\u1ee9c kh\u1ecfe, ng\u01b0\u1eddi h\u1ebft m\u1ec7t m\u1ecfi, t\u00ea b\u00ec, ng\u1ee7 c\u0169ng ngon h\u01a1n, l\u00e0m vi\u1ec7c hi\u1ec7u qu\u1ea3 h\u01a1n.<\/p>\n<p><strong>C\u00e1ch d\u00f9ng:<\/strong> <\/p>\n<p class=\"sqsrte-large preFade\" style=\"white-space: pre-wrap; transition-timing-function: ease; transition-duration: 1.5s; transition-delay: 0.258621s;\"><strong>Li\u1ec1u c\u01a1 b\u1ea3n:<\/strong><br \/>M\u1ed7i l\u1ea7n d\u00f9ng 3 vi\u00ean CT.092 chung v\u1edbi 3 vi\u00ean CT.161 (t\u1ed5ng c\u1ed9ng 6 vi\u00ean). M\u1ed9t ng\u00e0y u\u1ed1ng 3 l\u1ea7n (t\u1ed5ng c\u1ed9ng 18 vi\u00ean), tr\u01b0\u1edbc ho\u1eb7c sau khi \u0103n 30p. C\u00e1ch thu\u1ed1c T\u00e2y Y \u00edt nh\u1ea5t 1 gi\u1edd \u0111\u1ed3ng h\u1ed3.<\/p>\n<p><strong>Li\u1ec1u m\u1ea1nh:<\/strong><br \/>M\u1ed7i l\u1ea7n d\u00f9ng 4 vi\u00ean CT.092 chung v\u1edbi 4 vi\u00ean CT.161 (t\u1ed5ng c\u1ed9ng 8 vi\u00ean). M\u1ed9t ng\u00e0y u\u1ed1ng 3 l\u1ea7n (t\u1ed5ng c\u1ed9ng 24 vi\u00ean), tr\u01b0\u1edbc ho\u1eb7c sau khi \u0103n 30p. C\u00e1ch thu\u1ed1c T\u00e2y Y \u00edt nh\u1ea5t 1 gi\u1edd \u0111\u1ed3ng h\u1ed3.<\/p>\n<p><strong>L\u01b0u \u00fd: N\u1ebfu qu\u00fd v\u1ecb th\u1ea5y s\u1ed1 l\u01b0\u1ee3ng vi\u00ean qu\u00e1 nhi\u1ec1u, c\u00f3 th\u1ec3 t\u00e1ch v\u1ecf thu\u1ed1c gi\u1eef b\u1ed9t, h\u00f2a h\u1ebft v\u00e0o 1 ly n\u01b0\u1edbc \u1ea5m \u0111\u1ec3 u\u1ed1ng.<\/strong><\/p>\n<p><strong>Ki\u00eang c\u1eef:<\/strong> Lao \u0111\u1ed9ng qu\u00e1 s\u1ee9c, th\u1ee9c khuya, l\u1ea1m d\u1ee5ng r\u01b0\u1ee3u, thu\u1ed1c l\u00e1, ma t\u00fay. Kh\u00f4ng n\u00ean \u0103n th\u1ecbt nhi\u1ec1u \u0111\u1ea1m (red meat) nh\u01b0 th\u1ecbt b\u00f2, c\u00e1 ng\u1eeb, c\u00e1 r\u00f4 phi,\u2026<\/p>","protected":false},"excerpt":{"rendered":"<p>T\u00f9y theo b\u1ec7nh tr\u1ea1ng m\u00e0 ch\u1ecdn li\u1ec1u. N\u1ebfu m\u1edbi b\u1ecb v\u00e0i th\u00e1ng c\u00f3 th\u1ec3 d\u00f9ng li\u1ec1u c\u01a1 b\u1ea3n, u\u1ed1ng 1-2 li\u1ec1u s\u1ebd c\u1ea3i thi\u1ec7n tri\u1ec7u ch\u1ee9ng l\u00ean \u0111\u1ebfn 80%. B\u1ec7nh do ngh\u1ec1 nghi\u1ec7p, l\u00e2u n\u0103m n\u00ean d\u00f9ng li\u1ec1u m\u1ea1nh, d\u00f9ng h\u1ebft 1 li\u1ec1u c\u00f3 th\u1ec3 t\u1ef1 theo d\u00f5i \u0111\u1ec3 bi\u1ebft ch\u1eebng u\u1ed1ng th\u00eam, ho\u1eb7c g\u1ecdi<\/p>","protected":false},"featured_media":1870,"comment_status":"closed","ping_status":"open","template":"","meta":[],"_links":{"self":[{"href":"https:\/\/the1011.com\/en\/wp-json\/wp\/v2\/product\/1883"}],"collection":[{"href":"https:\/\/the1011.com\/en\/wp-json\/wp\/v2\/product"}],"about":[{"href":"https:\/\/the1011.com\/en\/wp-json\/wp\/v2\/types\/product"}],"replies":[{"embeddable":true,"href":"https:\/\/the1011.com\/en\/wp-json\/wp\/v2\/comments?post=1883"}],"wp:featuredmedia":[{"embeddable":true,"href":"https:\/\/the1011.com\/en\/wp-json\/wp\/v2\/media\/1870"}],"wp:attachment":[{"href":"https:\/\/the1011.com\/en\/wp-json\/wp\/v2\/media?parent=1883"}],"curies":[{"name":"wp","href":"https:\/\/api.w.org\/{rel}","templated":true}]}}