{"id":1882,"date":"2024-08-05T16:28:14","date_gmt":"2024-08-05T09:28:14","guid":{"rendered":"https:\/\/the1011.com\/product\/combo-1-thang-thuoc-tri-viem-than-kinh-toa-dau-lung-te-mong-dui-cang-chan-ban-chan\/"},"modified":"2024-08-05T16:28:14","modified_gmt":"2024-08-05T09:28:14","slug":"combo-1-thang-thuoc-tri-viem-than-kinh-toa-dau-lung-te-mong-dui-cang-chan-ban-chan","status":"publish","type":"product","link":"https:\/\/the1011.com\/en\/product\/combo-1-thang-thuoc-tri-viem-than-kinh-toa-dau-lung-te-mong-dui-cang-chan-ban-chan\/","title":{"rendered":"COMBO 1 TH\u00c1NG THU\u1ed0C TR\u1eca VI\u00caM TH\u1ea6N KINH T\u1eccA, \u0110AU L\u01afNG T\u00ca M\u00d4NG, \u0110\u00d9I, C\u1eb2NG CH\u00c2N, B\u00c0N CH\u00c2N"},"content":{"rendered":"<p class=\"sqsrte-large preFade\" style=\"white-space: pre-wrap; transition-timing-function: ease; transition-duration: 1.5s; transition-delay: 0.217241s;\">T\u00f9y theo b\u1ec7nh tr\u1ea1ng m\u00e0 ch\u1ecdn li\u1ec1u. N\u1ebfu m\u1edbi b\u1ecb v\u00e0i th\u00e1ng c\u00f3 th\u1ec3 d\u00f9ng li\u1ec1u c\u01a1 b\u1ea3n, u\u1ed1ng 1-2 li\u1ec1u s\u1ebd c\u1ea3i thi\u1ec7n tri\u1ec7u ch\u1ee9ng r\u00f5 r\u1ec7t, kh\u1ea3 n\u0103ng cao h\u1ebft b\u1ec7nh. B\u1ec7nh do ngh\u1ec1 nghi\u1ec7p, l\u00e2u n\u0103m n\u00ean d\u00f9ng li\u1ec1u m\u1ea1nh, d\u00f9ng h\u1ebft 1 li\u1ec1u c\u00f3 th\u1ec3 t\u1ef1 theo d\u00f5i \u0111\u1ec3 bi\u1ebft ch\u1eebng u\u1ed1ng th\u00eam, ho\u1eb7c g\u1ecdi v\u00e0o C\u00f4ng Ty \u0111\u1ec3 xin \u00fd ki\u1ebfn \u0110\u00f4ng Y S\u1ef9.<\/p>\n<p class=\"sqsrte-large preFade\" style=\"white-space: pre-wrap; transition-timing-function: ease; transition-duration: 1.5s; transition-delay: 0.227586s;\"><strong>Li\u1ec1u c\u01a1 b\u1ea3n<\/strong> bao g\u1ed3m <strong>3 l\u1ecd CT.060 + 3 l\u1ecd CT.161<\/strong><\/p>\n<p class=\"sqsrte-large preFade\" style=\"white-space: pre-wrap; transition-timing-function: ease; transition-duration: 1.5s; transition-delay: 0.237931s;\"><strong>Li\u1ec1u m\u1ea1nh<\/strong> bao g\u1ed3m <strong>4 l\u1ecd CT.060 + 4 l\u1ecd CT.161<\/strong><\/p>\n<p class=\"sqsrte-large preFade\" style=\"white-space: pre-wrap; transition-timing-function: ease; transition-duration: 1.5s; transition-delay: 0.248276s;\"><strong>CT.060<\/strong> <span style=\"color: rgb(0, 0, 0)\">C\u1ea3i thi\u1ec7n c\u00e1c t\u00e1c nh\u00e2n: Sa \u0111\u0129a gian \u0111\u1ed1t s\u1ed1ng, l\u1ed3i \u0111\u0129a \u0111\u1ec7m, \u0111\u1ed1t s\u1ed1ng l\u01b0ng m\u1ecdc gai, m\u00f2n s\u1ee5n kh\u1edbp g\u00e2y ch\u00e8n \u00e9p d\u00e2y th\u1ea7n kinh h\u00f4ng (th\u1ea7n kinh t\u1ecda), l\u00e0m \u0111au l\u01b0ng, \u0111au h\u00f4ng, \u0111au t\u1ecda c\u1ed1t, \u0111au lan xu\u1ed1ng \u0111\u00f9i. \u0110\u1ee9ng l\u00ean ng\u1ed3i xu\u1ed1ng kh\u00f3 kh\u0103n, teo c\u01a1 c\u1eb3ng th\u00e2n, \u0111i \u0111\u1ee9ng kh\u00f4ng v\u1eefng, g\u1eb7p th\u1eddi ti\u1ebft l\u1ea1nh c\u00e0ng \u0111au, ng\u00e0y c\u00e0ng tr\u1ea7m tr\u1ecdng h\u01a1n.<\/span><\/p>\n<p><strong>CT.161<\/strong> Th\u00f4ng \u0111\u1ea3 kinh m\u1ea1ch, m\u00e1u huy\u1ebft l\u01b0u th\u00f4ng, b\u1ed5 kh\u00ed huy\u1ebft, t\u0103ng l\u1ef1c. Tr\u1ecb c\u00e1c ch\u1ee9ng t\u00ea r\u1ea7n, m\u1ea5t c\u1ea3m gi\u00e1c t\u1eeb m\u00f4ng k\u00e9o xu\u1ed1ng \u0111\u00f9i, c\u1eb3ng ch\u00e2n, b\u00e0n ch\u00e2n. Ph\u1ee5c h\u1ed3i s\u1ee9c kh\u1ecfe, \u0111i \u0111\u1ee9ng v\u1eefng v\u00e0ng, n\u00e2ng v\u00e1c d\u1ec5 d\u00e0ng.<\/p>\n<p><strong>C\u00e1ch d\u00f9ng:<\/strong> <\/p>\n<p class=\"sqsrte-large preFade\" style=\"white-space: pre-wrap; transition-timing-function: ease; transition-duration: 1.5s; transition-delay: 0.258621s;\"><strong>Li\u1ec1u c\u01a1 b\u1ea3n:<\/strong><br \/>M\u1ed7i l\u1ea7n d\u00f9ng 3 vi\u00ean CT.060 chung v\u1edbi 3 vi\u00ean CT.161 (t\u1ed5ng c\u1ed9ng 6 vi\u00ean). M\u1ed9t ng\u00e0y u\u1ed1ng 3 l\u1ea7n (t\u1ed5ng c\u1ed9ng 18 vi\u00ean), tr\u01b0\u1edbc ho\u1eb7c sau khi \u0103n 30p. C\u00e1ch thu\u1ed1c T\u00e2y Y \u00edt nh\u1ea5t 1 gi\u1edd \u0111\u1ed3ng h\u1ed3.<\/p>\n<p><strong>Li\u1ec1u m\u1ea1nh:<\/strong><br \/>M\u1ed7i l\u1ea7n d\u00f9ng 4 vi\u00ean CT.060 chung v\u1edbi 4 vi\u00ean CT.161 (t\u1ed5ng c\u1ed9ng 8 vi\u00ean). M\u1ed9t ng\u00e0y u\u1ed1ng 3 l\u1ea7n (t\u1ed5ng c\u1ed9ng 24 vi\u00ean), tr\u01b0\u1edbc ho\u1eb7c sau khi \u0103n 30p. C\u00e1ch thu\u1ed1c T\u00e2y Y \u00edt nh\u1ea5t 1 gi\u1edd \u0111\u1ed3ng h\u1ed3.<\/p>\n<p><strong>L\u01b0u \u00fd: N\u1ebfu qu\u00fd v\u1ecb th\u1ea5y s\u1ed1 l\u01b0\u1ee3ng vi\u00ean qu\u00e1 nhi\u1ec1u, c\u00f3 th\u1ec3 t\u00e1ch v\u1ecf thu\u1ed1c gi\u1eef b\u1ed9t, h\u00f2a h\u1ebft v\u00e0o 1 ly n\u01b0\u1edbc \u1ea5m \u0111\u1ec3 u\u1ed1ng.<\/strong><\/p>\n<p><strong>Ki\u00eang c\u1eef:<\/strong> Lao \u0111\u1ed9ng qu\u00e1 s\u1ee9c, th\u1ee9c khuya, l\u1ea1m d\u1ee5ng r\u01b0\u1ee3u, thu\u1ed1c l\u00e1, ma t\u00fay. Kh\u00f4ng n\u00ean \u0103n th\u1ecbt nhi\u1ec1u \u0111\u1ea1m (red meat) nh\u01b0 th\u1ecbt b\u00f2, c\u00e1 ng\u1eeb, c\u00e1 r\u00f4 phi,\u2026<\/p>","protected":false},"excerpt":{"rendered":"<p>T\u00f9y theo b\u1ec7nh tr\u1ea1ng m\u00e0 ch\u1ecdn li\u1ec1u. N\u1ebfu m\u1edbi b\u1ecb v\u00e0i th\u00e1ng c\u00f3 th\u1ec3 d\u00f9ng li\u1ec1u c\u01a1 b\u1ea3n, u\u1ed1ng 1-2 li\u1ec1u s\u1ebd c\u1ea3i thi\u1ec7n tri\u1ec7u ch\u1ee9ng r\u00f5 r\u1ec7t, kh\u1ea3 n\u0103ng cao h\u1ebft b\u1ec7nh. B\u1ec7nh do ngh\u1ec1 nghi\u1ec7p, l\u00e2u n\u0103m n\u00ean d\u00f9ng li\u1ec1u m\u1ea1nh, d\u00f9ng h\u1ebft 1 li\u1ec1u c\u00f3 th\u1ec3 t\u1ef1 theo d\u00f5i \u0111\u1ec3 bi\u1ebft ch\u1eebng<\/p>","protected":false},"featured_media":1742,"comment_status":"closed","ping_status":"open","template":"","meta":[],"_links":{"self":[{"href":"https:\/\/the1011.com\/en\/wp-json\/wp\/v2\/product\/1882"}],"collection":[{"href":"https:\/\/the1011.com\/en\/wp-json\/wp\/v2\/product"}],"about":[{"href":"https:\/\/the1011.com\/en\/wp-json\/wp\/v2\/types\/product"}],"replies":[{"embeddable":true,"href":"https:\/\/the1011.com\/en\/wp-json\/wp\/v2\/comments?post=1882"}],"wp:featuredmedia":[{"embeddable":true,"href":"https:\/\/the1011.com\/en\/wp-json\/wp\/v2\/media\/1742"}],"wp:attachment":[{"href":"https:\/\/the1011.com\/en\/wp-json\/wp\/v2\/media?parent=1882"}],"curies":[{"name":"wp","href":"https:\/\/api.w.org\/{rel}","templated":true}]}}