{"id":1881,"date":"2024-08-05T16:28:14","date_gmt":"2024-08-05T09:28:14","guid":{"rendered":"https:\/\/the1011.com\/product\/combo-1-thang-thuoc-tri-rung-toc-hoi-dau-ngua-da-dau-gau\/"},"modified":"2024-08-05T16:28:14","modified_gmt":"2024-08-05T09:28:14","slug":"combo-1-thang-thuoc-tri-rung-toc-hoi-dau-ngua-da-dau-gau","status":"publish","type":"product","link":"https:\/\/the1011.com\/en\/product\/combo-1-thang-thuoc-tri-rung-toc-hoi-dau-ngua-da-dau-gau\/","title":{"rendered":"COMBO 1 TH\u00c1NG THU\u1ed0C TR\u1eca R\u1ee4NG T\u00d3C, H\u00d3I \u0110\u1ea6U, NG\u1ee8A DA D\u1ea6U, G\u00c0U"},"content":{"rendered":"<p class=\"preFade\" style=\"white-space: pre-wrap; transition-timing-function: ease; transition-duration: 1.5s; transition-delay: 0.17027s;\"><strong>T\u00e1c d\u1ee5ng:<\/strong><span style=\"color: rgb(0, 0, 0)\"> <\/span><\/p>\n<p class=\"preFade\" style=\"white-space: pre-wrap; transition-timing-function: ease; transition-duration: 1.5s; transition-delay: 0.178378s;\"><span style=\"color: rgb(0, 0, 0)\">CT.146: B\u1ed5 Can Th\u1eadn, t\u0103ng kh\u00ed huy\u1ebft. Ch\u1eadn \u0111\u1ee9ng ch\u1ee9ng r\u1ee5ng t\u00f3c t\u1eebng m\u1ea3ng do g\u1ea3y t\u00f3c, t\u1ed5n th\u01b0\u01a1ng ch\u00e2n t\u00f3c. K\u00edch th\u00edch, th\u00fac \u0111\u1ea9y t\u00f3c m\u1ecdc tr\u1edf l\u1ea1i th\u1eadt nhanh.<\/span><\/p>\n<p class=\"preFade\" style=\"white-space: pre-wrap; transition-timing-function: ease; transition-duration: 1.5s; transition-delay: 0.186486s;\"><span style=\"color: rgb(0, 0, 0)\">CT.161: \u0110\u1ea1i b\u1ed5 kh\u00ed huy\u1ebft, n\u00e2ng cao t\u00ednh mi\u1ec5n d\u1ecbch c\u01a1 th\u1ec3. C\u1ea3i thi\u1ec7n hi\u1ec7u qu\u1ea3 c\u00e1c ch\u1ee9ng thi\u1ebfu m\u00e1u, tay ch\u00e2n t\u00ea c\u1ee9ng, \u0111au m\u1ecfi c\u01a1 g\u00e2n, \u0103n ng\u1ee7 k\u00e9m, ch\u00e1n \u0103n, s\u1ee5t c\u00e2n, y\u1ebfu m\u1ec7t, t\u00f3c r\u1ee5ng, da kh\u00f4.<\/span><\/p>\n<p class=\"preFade\" style=\"white-space: pre-wrap; transition-timing-function: ease; transition-duration: 1.5s; transition-delay: 0.194595s;\">CT.150 Shampoo: <span style=\"color: rgb(0, 0, 0)\">Tr\u1eeb g\u00e0u \u0111\u1ea7u, ng\u1ee9a da \u0111\u1ea7u, t\u00f3c kh\u00f4, t\u00f3c g\u1ea3y, t\u00f3c r\u1ee5ng, t\u00f3c b\u1ea1c s\u1edbm. Gi\u00fap gia t\u0103ng tu\u1ea7n ho\u00e0n m\u00e1u, c\u00e2n b\u1eb1ng \u0111\u1ed9 ki\u1ec1m (pH) gi\u00fap nu\u00f4i d\u01b0\u1ee1ng t\u00f3c, k\u00edch th\u00edch t\u00f3c m\u1ecdc tr\u1edf l\u1ea1i, t\u1ea1o m\u00e0u t\u00f3c \u00f3ng \u00e1nh, \u0111en m\u01b0\u1ee3t, kh\u1ecfe m\u1ea1nh.<\/span><\/p>\n<p class=\"preFade\" style=\"white-space: pre-wrap; transition-timing-function: ease; transition-duration: 1.5s; transition-delay: 0.202703s;\"><span style=\"color: rgb(0, 0, 0)\"><strong>C\u00e1ch d\u00f9ng:<\/strong> <\/span><\/p>\n<ul data-rte-list=\"default\">\n<li>\n<p class=\"preFade\" style=\"white-space: pre-wrap; transition-timing-function: ease; transition-duration: 1.5s; transition-delay: 0.210811s;\"><span style=\"color: rgb(0, 0, 0)\"><strong>CT.150 Shampoo:<\/strong> L\u00e0m \u01b0\u1edbt t\u00f3c. Cho v\u00e0o l\u00f2ng b\u00e0n tay m\u1ed9t l\u01b0\u1ee3ng shampoo th\u1ea3o d\u01b0\u1ee3c v\u1eeba \u0111\u1ee7. D\u00f9ng c\u00e1c \u0111\u1ea7u ng\u00f3n tay massage nh\u1eb9 da \u0111\u1ea7u 40-60 gi\u1ea5y m\u1ed7i l\u1ea7n, sau \u0111\u00f3 x\u1ea3 v\u1edbi n\u01b0\u1edbc l\u1ea1nh. M\u1ed7i c\u1eef g\u1ed9i 2 l\u1ea7n.<\/span><\/p>\n<\/li>\n<li>\n<p class=\"preFade\" style=\"white-space: pre-wrap; transition-timing-function: ease; transition-duration: 1.5s; transition-delay: 0.218919s;\"><strong>Li\u1ec1u c\u01a1 b\u1ea3n: <\/strong><span style=\"color: rgb(0, 0, 0)\">M\u1ed7i l\u1ea7n d\u00f9ng 3 vi\u00ean CT.146 chung v\u1edbi 3 vi\u00ean CT.161 (t\u1ed5ng c\u1ed9ng 6 vi\u00ean). M\u1ed9t ng\u00e0y u\u1ed1ng 3 l\u1ea7n (t\u1ed5ng c\u1ed9ng 18 vi\u00ean), tr\u01b0\u1edbc ho\u1eb7c sau khi \u0103n 30p. C\u00e1ch thu\u1ed1c T\u00e2y Y \u00edt nh\u1ea5t 1 gi\u1edd \u0111\u1ed3ng h\u1ed3.<\/span><\/p>\n<\/li>\n<li>\n<p class=\"preFade\" style=\"white-space: pre-wrap; transition-timing-function: ease; transition-duration: 1.5s; transition-delay: 0.227027s;\"><strong>Li\u1ec1u m\u1ea1nh:<\/strong> <span style=\"color: rgb(0, 0, 0)\">M\u1ed7i l\u1ea7n d\u00f9ng 4 vi\u00ean CT.146 chung v\u1edbi 4 vi\u00ean CT.161 (t\u1ed5ng c\u1ed9ng 8 vi\u00ean). M\u1ed9t ng\u00e0y u\u1ed1ng 3 l\u1ea7n (t\u1ed5ng c\u1ed9ng 24 vi\u00ean), tr\u01b0\u1edbc ho\u1eb7c sau khi \u0103n 30p. C\u00e1ch thu\u1ed1c T\u00e2y Y \u00edt nh\u1ea5t 1 gi\u1edd \u0111\u1ed3ng h\u1ed3.<\/span><\/p>\n<\/li>\n<\/ul>\n<p class=\"preFade\" style=\"white-space: pre-wrap; transition-timing-function: ease; transition-duration: 1.5s; transition-delay: 0.235135s;\"><strong>Ki\u00eang c\u1eef:<\/strong> <span style=\"color: rgb(0, 0, 0)\">C\u0103ng th\u1eb3ng tinh th\u1ea7n, th\u1ee9c khuya. C\u1ea7n c\u1ea3i thi\u1ec7n c\u00e1c nh\u00e2n t\u1ed1: ch\u00e1n \u0103n, \u0103n ki\u00eang (sai ph\u01b0\u01a1ng ph\u00e1p) \u0111\u1ec3 gi\u1ea3m c\u00e2n, thi\u1ebfu m\u00e1u, suy dinh d\u01b0\u1ee1ng, nhi\u1ec5m n\u1ea5m da \u0111\u1ea7u, d\u1ea7u g\u1ed9i \u0111\u1ea7u kh\u00f4ng h\u1ee3p, h\u00f3a ch\u1ea5t nhu\u1ed9m t\u00f3c, m\u00e1y s\u1ea5y t\u00f3c nhi\u1ec7t \u0111\u1ed9 cao\u2026<\/span><\/p>","protected":false},"excerpt":{"rendered":"<p>T\u00e1c d\u1ee5ng: CT.146: B\u1ed5 Can Th\u1eadn, t\u0103ng kh\u00ed huy\u1ebft. Ch\u1eadn \u0111\u1ee9ng ch\u1ee9ng r\u1ee5ng t\u00f3c t\u1eebng m\u1ea3ng do g\u1ea3y t\u00f3c, t\u1ed5n th\u01b0\u01a1ng ch\u00e2n t\u00f3c. K\u00edch th\u00edch, th\u00fac \u0111\u1ea9y t\u00f3c m\u1ecdc tr\u1edf l\u1ea1i th\u1eadt nhanh. CT.161: \u0110\u1ea1i b\u1ed5 kh\u00ed huy\u1ebft, n\u00e2ng cao t\u00ednh mi\u1ec5n d\u1ecbch c\u01a1 th\u1ec3. C\u1ea3i thi\u1ec7n hi\u1ec7u qu\u1ea3 c\u00e1c ch\u1ee9ng thi\u1ebfu m\u00e1u, tay ch\u00e2n<\/p>","protected":false},"featured_media":1747,"comment_status":"closed","ping_status":"open","template":"","meta":[],"_links":{"self":[{"href":"https:\/\/the1011.com\/en\/wp-json\/wp\/v2\/product\/1881"}],"collection":[{"href":"https:\/\/the1011.com\/en\/wp-json\/wp\/v2\/product"}],"about":[{"href":"https:\/\/the1011.com\/en\/wp-json\/wp\/v2\/types\/product"}],"replies":[{"embeddable":true,"href":"https:\/\/the1011.com\/en\/wp-json\/wp\/v2\/comments?post=1881"}],"wp:featuredmedia":[{"embeddable":true,"href":"https:\/\/the1011.com\/en\/wp-json\/wp\/v2\/media\/1747"}],"wp:attachment":[{"href":"https:\/\/the1011.com\/en\/wp-json\/wp\/v2\/media?parent=1881"}],"curies":[{"name":"wp","href":"https:\/\/api.w.org\/{rel}","templated":true}]}}