{"id":1880,"date":"2024-08-05T16:28:14","date_gmt":"2024-08-05T09:28:14","guid":{"rendered":"https:\/\/the1011.com\/product\/combo-1-thang-thuoc-tri-di-ung-da-vay-nen-me-day\/"},"modified":"2024-08-05T16:28:14","modified_gmt":"2024-08-05T09:28:14","slug":"combo-1-thang-thuoc-tri-di-ung-da-vay-nen-me-day","status":"publish","type":"product","link":"https:\/\/the1011.com\/en\/product\/combo-1-thang-thuoc-tri-di-ung-da-vay-nen-me-day\/","title":{"rendered":"COMBO 1 TH\u00c1NG THU\u1ed0C TR\u1eca D\u1eca \u1ee8NG DA, V\u1ea2Y N\u1ebeN, M\u1ec0 \u0110AY."},"content":{"rendered":"<p class=\"preFade\" style=\"white-space: pre-wrap; transition-timing-function: ease; transition-duration: 1.5s; transition-delay: 0.191304s;\">T\u00f9y theo b\u1ec7nh tr\u1ea1ng m\u00e0 ch\u1ecdn li\u1ec1u. N\u1ebfu v\u1ea3y n\u1ebfn, m\u1ec1 \u0111ay m\u1edbi n\u1ed5i ng\u1ee9a, h\u01a1i \u0111\u1ecf c\u00f3 th\u1ec3 d\u00f9ng li\u1ec1u c\u01a1 b\u1ea3n, u\u1ed1ng 1-2 li\u1ec1u. N\u1ebfu b\u1ecb l\u00e2u n\u0103m, n\u1ed5i lan, s\u01b0ng \u0111\u1ecf kh\u1eafp ng\u01b0\u1eddi n\u00ean d\u00f9ng li\u1ec1u m\u1ea1nh, u\u1ed1ng li\u00ean ti\u1ebfp 2-3 th\u00e1ng k\u00e8m theo <a href=\"https:\/\/www.canhthienduocthao.com\/san-pham\/p\/ct159-kem-da-vaneda-skin-cream\"><strong>kem ng\u1ee9a vaneda CT.159<\/strong> <\/a> s\u1ebd th\u1ea5y hi\u1ec7u qu\u1ea3. N\u00ean ti\u1ebfp t\u1ee5c u\u1ed1ng cho \u0111\u1ebfn khi h\u1ebft b\u1ec7nh, ki\u00eang c\u1eef c\u1ea9n th\u1eadn.<\/p>\n<p class=\"preFade\" style=\"white-space: pre-wrap; transition-timing-function: ease; transition-duration: 1.5s; transition-delay: 0.2s;\"><strong>T\u00e1c d\u1ee5ng:<\/strong><span style=\"color: rgb(0, 0, 0)\">&nbsp;C\u1ea3i thi\u1ec7n ch\u1ee9c n\u0103ng gan, tr\u1ee3 gan l\u1ecdc m\u00e1u, t\u1ea9y \u0111\u1ed9c c\u01a1 th\u1ec3, m\u00e1t huy\u1ebft. Gi\u1ea3i tr\u1eeb c\u00e1c ch\u1ee9ng&nbsp;ng\u1ee9a da, m\u1ec1 \u0111ay, kh\u00f4 s\u1ea7n da, n\u1ee9t n\u1ebb da, n\u1ed5i u nh\u1ecdt, da n\u1ed5i m\u1ee5n n\u01b0\u1edbc, ch\u00e0m, v\u1ea3y n\u1ebfn, n\u00e1m da m\u1eb7t do l\u00e2y nhi\u1ec5m c\u00e1c h\u00f3a ch\u1ea5t \u0111\u1ed9c h\u1ea1i.<\/span><\/p>\n<p class=\"preFade\" style=\"white-space: pre-wrap; transition-timing-function: ease; transition-duration: 1.5s; transition-delay: 0.208696s;\"><strong>C\u00e1ch d\u00f9ng:<\/strong> <\/p>\n<p class=\"preFade\" style=\"white-space: pre-wrap; transition-timing-function: ease; transition-duration: 1.5s; transition-delay: 0.217391s;\"><strong>Li\u1ec1u c\u01a1 b\u1ea3n:<\/strong><\/p>\n<p class=\"preFade\" style=\"white-space: pre-wrap; transition-timing-function: ease; transition-duration: 1.5s; transition-delay: 0.226087s;\"><span style=\"color: rgb(0, 0, 0)\">M\u1ed7i l\u1ea7n d\u00f9ng 3 vi\u00ean CT.001 chung v\u1edbi 3 vi\u00ean CT.013 (t\u1ed5ng c\u1ed9ng 6 vi\u00ean). M\u1ed9t ng\u00e0y u\u1ed1ng 3 l\u1ea7n (t\u1ed5ng c\u1ed9ng 18 vi\u00ean), tr\u01b0\u1edbc ho\u1eb7c sau khi \u0103n 30p. C\u00e1ch thu\u1ed1c T\u00e2y Y \u00edt nh\u1ea5t 1 gi\u1edd \u0111\u1ed3ng h\u1ed3.<\/span><\/p>\n<p class=\"preFade\" style=\"white-space: pre-wrap; transition-timing-function: ease; transition-duration: 1.5s; transition-delay: 0.234783s;\"><strong>Li\u1ec1u m\u1ea1nh:<\/strong><\/p>\n<p class=\"preFade\" style=\"white-space: pre-wrap; transition-timing-function: ease; transition-duration: 1.5s; transition-delay: 0.243478s;\"><span style=\"color: rgb(0, 0, 0)\">M\u1ed7i l\u1ea7n d\u00f9ng 4 vi\u00ean CT.001 chung v\u1edbi 4 vi\u00ean CT.013 (t\u1ed5ng c\u1ed9ng 8 vi\u00ean). M\u1ed9t ng\u00e0y u\u1ed1ng 3 l\u1ea7n (t\u1ed5ng c\u1ed9ng 24 vi\u00ean), tr\u01b0\u1edbc ho\u1eb7c sau khi \u0103n 30p. C\u00e1ch thu\u1ed1c T\u00e2y Y \u00edt nh\u1ea5t 1 gi\u1edd \u0111\u1ed3ng h\u1ed3.<\/p>\n<p><\/span><strong>Ki\u00eang c\u1eef:&nbsp;<\/strong>Th\u1ecbt b\u00f2, chim c\u00fat, t\u00f4m, t\u00e9p, cua, m\u1ef1c, s\u00f2, c\u00e1 ng\u1eeb, c\u00e1 r\u00f4 phi, u\u1ed1ng r\u01b0\u1ee3u, bia.&nbsp;<\/p>","protected":false},"excerpt":{"rendered":"<p>T\u00f9y theo b\u1ec7nh tr\u1ea1ng m\u00e0 ch\u1ecdn li\u1ec1u. N\u1ebfu v\u1ea3y n\u1ebfn, m\u1ec1 \u0111ay m\u1edbi n\u1ed5i ng\u1ee9a, h\u01a1i \u0111\u1ecf c\u00f3 th\u1ec3 d\u00f9ng li\u1ec1u c\u01a1 b\u1ea3n, u\u1ed1ng 1-2 li\u1ec1u. N\u1ebfu b\u1ecb l\u00e2u n\u0103m, n\u1ed5i lan, s\u01b0ng \u0111\u1ecf kh\u1eafp ng\u01b0\u1eddi n\u00ean d\u00f9ng li\u1ec1u m\u1ea1nh, u\u1ed1ng li\u00ean ti\u1ebfp 2-3 th\u00e1ng k\u00e8m theo kem ng\u1ee9a vaneda CT.159 s\u1ebd th\u1ea5y hi\u1ec7u qu\u1ea3.<\/p>","protected":false},"featured_media":1869,"comment_status":"closed","ping_status":"open","template":"","meta":[],"_links":{"self":[{"href":"https:\/\/the1011.com\/en\/wp-json\/wp\/v2\/product\/1880"}],"collection":[{"href":"https:\/\/the1011.com\/en\/wp-json\/wp\/v2\/product"}],"about":[{"href":"https:\/\/the1011.com\/en\/wp-json\/wp\/v2\/types\/product"}],"replies":[{"embeddable":true,"href":"https:\/\/the1011.com\/en\/wp-json\/wp\/v2\/comments?post=1880"}],"wp:featuredmedia":[{"embeddable":true,"href":"https:\/\/the1011.com\/en\/wp-json\/wp\/v2\/media\/1869"}],"wp:attachment":[{"href":"https:\/\/the1011.com\/en\/wp-json\/wp\/v2\/media?parent=1880"}],"curies":[{"name":"wp","href":"https:\/\/api.w.org\/{rel}","templated":true}]}}